{"id":408,"date":"2021-03-22T12:41:06","date_gmt":"2021-03-22T11:41:06","guid":{"rendered":"http:\/\/neu.ausbildungsstall-holtwiesche.de\/?page_id=408"},"modified":"2023-12-28T10:54:49","modified_gmt":"2023-12-28T09:54:49","slug":"unser-team","status":"publish","type":"page","link":"https:\/\/www.ausbildungsstall-holtwiesche.de\/en\/ueber-uns\/unser-team\/","title":{"rendered":"Unser Team"},"content":{"rendered":"\n<div class=\"wp-block-cover has-white-background-color has-background-dim\"><div class=\"wp-block-cover__inner-container is-layout-flow wp-block-cover-is-layout-flow\">\n<h2 class=\"wp-block-heading\">Unser Team <\/h2>\n\n\n\n<div class=\"wp-block-columns is-layout-flex wp-container-core-columns-is-layout-1 wp-block-columns-is-layout-flex\">\n<div class=\"wp-block-column is-vertically-aligned-center is-layout-flow wp-block-column-is-layout-flow\" style=\"flex-basis:66.66%\">\n<p>Wir sind ein junges, engagiertes und gewissenhaftes Team. Konzentriertes und verantwortungsvolles Arbeiten sind f\u00fcr uns von h\u00f6chster Priorit\u00e4t. <\/p>\n\n\n\n<p>Wir unterst\u00fctzen uns gegenseitig und arbeiten gemeinsam daran, den Tieren eine artgerechte und vertrauensvolle Haltung zu erm\u00f6glichen. Wir bereiten die Tiere gemeinsam auf eine erfolgreiche Sportkarriere vor.<\/p>\n<\/div>\n\n\n\n<div class=\"wp-block-column is-layout-flow wp-block-column-is-layout-flow\" style=\"flex-basis:33.33%\">\n<figure class=\"wp-block-image size-large\"><img loading=\"lazy\" decoding=\"async\" width=\"1024\" height=\"1024\" src=\"https:\/\/www.ausbildungsstall-holtwiesche.de\/wp-content\/uploads\/2023\/12\/Team_web-1-1024x1024.jpg\" alt=\"\" class=\"wp-image-1156\" srcset=\"https:\/\/www.ausbildungsstall-holtwiesche.de\/wp-content\/uploads\/2023\/12\/Team_web-1-1024x1024.jpg 1024w, https:\/\/www.ausbildungsstall-holtwiesche.de\/wp-content\/uploads\/2023\/12\/Team_web-1-300x300.jpg 300w, https:\/\/www.ausbildungsstall-holtwiesche.de\/wp-content\/uploads\/2023\/12\/Team_web-1-150x150.jpg 150w, https:\/\/www.ausbildungsstall-holtwiesche.de\/wp-content\/uploads\/2023\/12\/Team_web-1-768x768.jpg 768w, https:\/\/www.ausbildungsstall-holtwiesche.de\/wp-content\/uploads\/2023\/12\/Team_web-1.jpg 1536w\" sizes=\"auto, (max-width: 1024px) 100vw, 1024px\" \/><\/figure>\n<\/div>\n<\/div>\n<\/div><\/div>\n\n\n\n<div class=\"wp-block-group alignfull has-light-blue-background-color has-background\"><div class=\"wp-block-group__inner-container is-layout-flow wp-block-group-is-layout-flow\">\n<div class=\"wp-block-columns is-layout-flex wp-container-core-columns-is-layout-2 wp-block-columns-is-layout-flex\">\n<div class=\"wp-block-column is-layout-flow wp-block-column-is-layout-flow\">\n<figure class=\"wp-block-image size-full\"><img loading=\"lazy\" decoding=\"async\" width=\"500\" height=\"500\" src=\"https:\/\/www.ausbildungsstall-holtwiesche.de\/wp-content\/uploads\/2021\/08\/holtwiesche-team-12.jpg\" alt=\"\" class=\"wp-image-712\" srcset=\"https:\/\/www.ausbildungsstall-holtwiesche.de\/wp-content\/uploads\/2021\/08\/holtwiesche-team-12.jpg 500w, https:\/\/www.ausbildungsstall-holtwiesche.de\/wp-content\/uploads\/2021\/08\/holtwiesche-team-12-300x300.jpg 300w, https:\/\/www.ausbildungsstall-holtwiesche.de\/wp-content\/uploads\/2021\/08\/holtwiesche-team-12-150x150.jpg 150w\" sizes=\"auto, (max-width: 500px) 100vw, 500px\" \/><\/figure>\n\n\n\n<h3 class=\"wp-block-heading\">Stefan<\/h3>\n\n\n\n<p><em>Chef<\/em><br>Tel. +49 177 8 33 12 25<\/p>\n<\/div>\n\n\n\n<div class=\"wp-block-column is-layout-flow wp-block-column-is-layout-flow\">\n<figure class=\"wp-block-image size-large\"><img loading=\"lazy\" decoding=\"async\" width=\"1024\" height=\"1024\" src=\"https:\/\/www.ausbildungsstall-holtwiesche.de\/wp-content\/uploads\/2023\/11\/Dani_Fuchur-1024x1024.jpg\" alt=\"\" class=\"wp-image-1131\" srcset=\"https:\/\/www.ausbildungsstall-holtwiesche.de\/wp-content\/uploads\/2023\/11\/Dani_Fuchur-1024x1024.jpg 1024w, https:\/\/www.ausbildungsstall-holtwiesche.de\/wp-content\/uploads\/2023\/11\/Dani_Fuchur-300x300.jpg 300w, https:\/\/www.ausbildungsstall-holtwiesche.de\/wp-content\/uploads\/2023\/11\/Dani_Fuchur-150x150.jpg 150w, https:\/\/www.ausbildungsstall-holtwiesche.de\/wp-content\/uploads\/2023\/11\/Dani_Fuchur-768x767.jpg 768w, https:\/\/www.ausbildungsstall-holtwiesche.de\/wp-content\/uploads\/2023\/11\/Dani_Fuchur.jpg 1089w\" sizes=\"auto, (max-width: 1024px) 100vw, 1024px\" \/><\/figure>\n\n\n\n<h3 class=\"wp-block-heading\">Dani<\/h3>\n\n\n\n<p><br>Tel. +49 172 81 42 9 32<\/p>\n<\/div>\n\n\n\n<div class=\"wp-block-column is-layout-flow wp-block-column-is-layout-flow\">\n<figure class=\"wp-block-image size-full\"><img loading=\"lazy\" decoding=\"async\" width=\"500\" height=\"500\" src=\"https:\/\/www.ausbildungsstall-holtwiesche.de\/wp-content\/uploads\/2021\/08\/holtwiesche-team-17.jpg\" alt=\"\" class=\"wp-image-721\" srcset=\"https:\/\/www.ausbildungsstall-holtwiesche.de\/wp-content\/uploads\/2021\/08\/holtwiesche-team-17.jpg 500w, https:\/\/www.ausbildungsstall-holtwiesche.de\/wp-content\/uploads\/2021\/08\/holtwiesche-team-17-300x300.jpg 300w, https:\/\/www.ausbildungsstall-holtwiesche.de\/wp-content\/uploads\/2021\/08\/holtwiesche-team-17-150x150.jpg 150w\" sizes=\"auto, (max-width: 500px) 100vw, 500px\" \/><\/figure>\n\n\n\n<h3 class=\"wp-block-heading\">Rebecca<\/h3>\n\n\n\n<p> <em>Bereiterin<\/em><br>Tel. +49 151 58 77 77 10 <\/p>\n<\/div>\n<\/div>\n\n\n\n<div class=\"wp-block-columns is-layout-flex wp-container-core-columns-is-layout-3 wp-block-columns-is-layout-flex\">\n<div class=\"wp-block-column is-layout-flow wp-block-column-is-layout-flow\">\n<figure class=\"wp-block-image size-full\"><img loading=\"lazy\" decoding=\"async\" width=\"500\" height=\"500\" src=\"https:\/\/www.ausbildungsstall-holtwiesche.de\/wp-content\/uploads\/2021\/08\/holtwiesche-team-18.jpg\" alt=\"\" class=\"wp-image-722\" srcset=\"https:\/\/www.ausbildungsstall-holtwiesche.de\/wp-content\/uploads\/2021\/08\/holtwiesche-team-18.jpg 500w, https:\/\/www.ausbildungsstall-holtwiesche.de\/wp-content\/uploads\/2021\/08\/holtwiesche-team-18-300x300.jpg 300w, https:\/\/www.ausbildungsstall-holtwiesche.de\/wp-content\/uploads\/2021\/08\/holtwiesche-team-18-150x150.jpg 150w\" sizes=\"auto, (max-width: 500px) 100vw, 500px\" \/><\/figure>\n\n\n\n<h3 class=\"wp-block-heading\">Laurien<\/h3>\n\n\n\n<p><em>Bereiterin<\/em><\/p>\n<\/div>\n\n\n\n<div class=\"wp-block-column is-layout-flow wp-block-column-is-layout-flow\">\n<figure class=\"wp-block-image size-full\"><img loading=\"lazy\" decoding=\"async\" width=\"500\" height=\"500\" src=\"https:\/\/www.ausbildungsstall-holtwiesche.de\/wp-content\/uploads\/2021\/08\/holtwiesche-team-19.jpg\" alt=\"\" class=\"wp-image-723\" srcset=\"https:\/\/www.ausbildungsstall-holtwiesche.de\/wp-content\/uploads\/2021\/08\/holtwiesche-team-19.jpg 500w, https:\/\/www.ausbildungsstall-holtwiesche.de\/wp-content\/uploads\/2021\/08\/holtwiesche-team-19-300x300.jpg 300w, https:\/\/www.ausbildungsstall-holtwiesche.de\/wp-content\/uploads\/2021\/08\/holtwiesche-team-19-150x150.jpg 150w\" sizes=\"auto, (max-width: 500px) 100vw, 500px\" \/><\/figure>\n\n\n\n<h3 class=\"wp-block-heading\">Petra<\/h3>\n\n\n\n<p><em>Pflegerin<\/em><\/p>\n<\/div>\n\n\n\n<div class=\"wp-block-column is-layout-flow wp-block-column-is-layout-flow\">\n<figure class=\"wp-block-image size-full\"><img loading=\"lazy\" decoding=\"async\" width=\"1000\" height=\"1000\" src=\"https:\/\/www.ausbildungsstall-holtwiesche.de\/wp-content\/uploads\/2021\/09\/sandra.jpg\" alt=\"\" class=\"wp-image-910\" srcset=\"https:\/\/www.ausbildungsstall-holtwiesche.de\/wp-content\/uploads\/2021\/09\/sandra.jpg 1000w, https:\/\/www.ausbildungsstall-holtwiesche.de\/wp-content\/uploads\/2021\/09\/sandra-300x300.jpg 300w, https:\/\/www.ausbildungsstall-holtwiesche.de\/wp-content\/uploads\/2021\/09\/sandra-150x150.jpg 150w, https:\/\/www.ausbildungsstall-holtwiesche.de\/wp-content\/uploads\/2021\/09\/sandra-768x768.jpg 768w\" sizes=\"auto, (max-width: 1000px) 100vw, 1000px\" \/><\/figure>\n\n\n\n<h3 class=\"wp-block-heading\">Sandra<\/h3>\n\n\n\n<p><em>Pflegerin<\/em><\/p>\n<\/div>\n<\/div>\n\n\n\n<div class=\"wp-block-columns is-layout-flex wp-container-core-columns-is-layout-4 wp-block-columns-is-layout-flex\">\n<div class=\"wp-block-column is-layout-flow wp-block-column-is-layout-flow\">\n<figure class=\"wp-block-image size-full\"><img loading=\"lazy\" decoding=\"async\" width=\"1000\" height=\"1000\" src=\"https:\/\/www.ausbildungsstall-holtwiesche.de\/wp-content\/uploads\/2021\/09\/alina.jpg\" alt=\"\" class=\"wp-image-917\" srcset=\"https:\/\/www.ausbildungsstall-holtwiesche.de\/wp-content\/uploads\/2021\/09\/alina.jpg 1000w, https:\/\/www.ausbildungsstall-holtwiesche.de\/wp-content\/uploads\/2021\/09\/alina-300x300.jpg 300w, https:\/\/www.ausbildungsstall-holtwiesche.de\/wp-content\/uploads\/2021\/09\/alina-150x150.jpg 150w, https:\/\/www.ausbildungsstall-holtwiesche.de\/wp-content\/uploads\/2021\/09\/alina-768x768.jpg 768w\" sizes=\"auto, (max-width: 1000px) 100vw, 1000px\" \/><\/figure>\n\n\n\n<h3 class=\"wp-block-heading\">Alina<\/h3>\n\n\n\n<p><em>Pflegerin<\/em><\/p>\n<\/div>\n\n\n\n<div class=\"wp-block-column is-layout-flow wp-block-column-is-layout-flow\">\n<figure class=\"wp-block-image size-full\"><img loading=\"lazy\" decoding=\"async\" width=\"500\" height=\"500\" src=\"https:\/\/www.ausbildungsstall-holtwiesche.de\/wp-content\/uploads\/2021\/08\/holtwiesche-team-21.jpg\" alt=\"\" class=\"wp-image-725\" srcset=\"https:\/\/www.ausbildungsstall-holtwiesche.de\/wp-content\/uploads\/2021\/08\/holtwiesche-team-21.jpg 500w, https:\/\/www.ausbildungsstall-holtwiesche.de\/wp-content\/uploads\/2021\/08\/holtwiesche-team-21-300x300.jpg 300w, https:\/\/www.ausbildungsstall-holtwiesche.de\/wp-content\/uploads\/2021\/08\/holtwiesche-team-21-150x150.jpg 150w\" sizes=\"auto, (max-width: 500px) 100vw, 500px\" \/><\/figure>\n\n\n\n<h3 class=\"wp-block-heading\">Werner<\/h3>\n\n\n\n<p><em>f\u00fcr alle anfallenden arbeiten rund um den Hof zust\u00e4ndig<\/em><\/p>\n<\/div>\n\n\n\n<div class=\"wp-block-column is-layout-flow wp-block-column-is-layout-flow\">\n<figure class=\"wp-block-image size-full\"><img loading=\"lazy\" decoding=\"async\" width=\"500\" height=\"500\" src=\"https:\/\/www.ausbildungsstall-holtwiesche.de\/wp-content\/uploads\/2021\/08\/lica-01.jpg\" alt=\"\" class=\"wp-image-735\" srcset=\"https:\/\/www.ausbildungsstall-holtwiesche.de\/wp-content\/uploads\/2021\/08\/lica-01.jpg 500w, https:\/\/www.ausbildungsstall-holtwiesche.de\/wp-content\/uploads\/2021\/08\/lica-01-300x300.jpg 300w, https:\/\/www.ausbildungsstall-holtwiesche.de\/wp-content\/uploads\/2021\/08\/lica-01-150x150.jpg 150w\" sizes=\"auto, (max-width: 500px) 100vw, 500px\" \/><\/figure>\n\n\n\n<h3 class=\"wp-block-heading\">Lica<\/h3>\n\n\n\n<p><em>F\u00fctterung der Aufzuchtpferde und alle Arbeiten rund um den Hof<\/em><\/p>\n<\/div>\n<\/div>\n\n\n\n<div class=\"wp-block-columns is-layout-flex wp-container-core-columns-is-layout-5 wp-block-columns-is-layout-flex\">\n<div class=\"wp-block-column is-layout-flow wp-block-column-is-layout-flow\">\n<figure class=\"wp-block-image size-large\"><img loading=\"lazy\" decoding=\"async\" width=\"1024\" height=\"1024\" src=\"https:\/\/www.ausbildungsstall-holtwiesche.de\/wp-content\/uploads\/2021\/10\/spoudri-1024x1024.jpg\" alt=\"Spoudri\" class=\"wp-image-995\" srcset=\"https:\/\/www.ausbildungsstall-holtwiesche.de\/wp-content\/uploads\/2021\/10\/spoudri-1024x1024.jpg 1024w, https:\/\/www.ausbildungsstall-holtwiesche.de\/wp-content\/uploads\/2021\/10\/spoudri-300x300.jpg 300w, https:\/\/www.ausbildungsstall-holtwiesche.de\/wp-content\/uploads\/2021\/10\/spoudri-150x150.jpg 150w, https:\/\/www.ausbildungsstall-holtwiesche.de\/wp-content\/uploads\/2021\/10\/spoudri-768x768.jpg 768w, https:\/\/www.ausbildungsstall-holtwiesche.de\/wp-content\/uploads\/2021\/10\/spoudri-1536x1536.jpg 1536w, https:\/\/www.ausbildungsstall-holtwiesche.de\/wp-content\/uploads\/2021\/10\/spoudri-2048x2048.jpg 2048w\" sizes=\"auto, (max-width: 1024px) 100vw, 1024px\" \/><\/figure>\n\n\n\n<h3 class=\"wp-block-heading\">Spoudri<\/h3>\n\n\n\n<p><em>Scheermeister <\/em><\/p>\n<\/div>\n\n\n\n<div class=\"wp-block-column is-layout-flow wp-block-column-is-layout-flow\">\n<figure class=\"wp-block-image size-full\"><img loading=\"lazy\" decoding=\"async\" width=\"500\" height=\"500\" src=\"https:\/\/www.ausbildungsstall-holtwiesche.de\/wp-content\/uploads\/2021\/08\/holtwiesche-team-15.jpg\" alt=\"\" class=\"wp-image-719\" srcset=\"https:\/\/www.ausbildungsstall-holtwiesche.de\/wp-content\/uploads\/2021\/08\/holtwiesche-team-15.jpg 500w, https:\/\/www.ausbildungsstall-holtwiesche.de\/wp-content\/uploads\/2021\/08\/holtwiesche-team-15-300x300.jpg 300w, https:\/\/www.ausbildungsstall-holtwiesche.de\/wp-content\/uploads\/2021\/08\/holtwiesche-team-15-150x150.jpg 150w\" sizes=\"auto, (max-width: 500px) 100vw, 500px\" \/><\/figure>\n\n\n\n<h3 class=\"wp-block-heading\">Anton<\/h3>\n\n\n\n<p><em>Sohn von Stefan und Rebecca<\/em><\/p>\n<\/div>\n\n\n\n<div class=\"wp-block-column is-layout-flow wp-block-column-is-layout-flow\">\n<figure class=\"wp-block-image size-full\"><img loading=\"lazy\" decoding=\"async\" width=\"500\" height=\"500\" src=\"https:\/\/www.ausbildungsstall-holtwiesche.de\/wp-content\/uploads\/2021\/08\/holtwiesche-team-20.jpg\" alt=\"\" class=\"wp-image-724\" srcset=\"https:\/\/www.ausbildungsstall-holtwiesche.de\/wp-content\/uploads\/2021\/08\/holtwiesche-team-20.jpg 500w, https:\/\/www.ausbildungsstall-holtwiesche.de\/wp-content\/uploads\/2021\/08\/holtwiesche-team-20-300x300.jpg 300w, https:\/\/www.ausbildungsstall-holtwiesche.de\/wp-content\/uploads\/2021\/08\/holtwiesche-team-20-150x150.jpg 150w\" sizes=\"auto, (max-width: 500px) 100vw, 500px\" \/><\/figure>\n\n\n\n<h3 class=\"wp-block-heading\">Jakob<\/h3>\n\n\n\n<p><em>Sohn von Stefan und Rebecca<\/em><\/p>\n<\/div>\n<\/div>\n\n\n\n<div class=\"wp-block-columns is-layout-flex wp-container-core-columns-is-layout-6 wp-block-columns-is-layout-flex\">\n<div class=\"wp-block-column is-layout-flow wp-block-column-is-layout-flow\">\n<h3 class=\"wp-block-heading\"><\/h3>\n\n\n\n\n<\/div>\n\n\n\n<div class=\"wp-block-column is-layout-flow wp-block-column-is-layout-flow\">\n<h3 class=\"wp-block-heading\"><\/h3>\n\n\n\n\n<\/div>\n\n\n\n<div class=\"wp-block-column is-layout-flow wp-block-column-is-layout-flow\"><\/div>\n<\/div>\n<\/div><\/div>\n","protected":false},"excerpt":{"rendered":"<p>Stefan ChefTel. +49 177 8 33 12 25 Dani Tel. +49 172 81 42 9 32 Rebecca BereiterinTel. +49 151 58 77 77 10 Laurien Bereiterin Petra Pflegerin Sandra Pflegerin Alina Pflegerin Werner f\u00fcr alle anfallenden arbeiten rund um den Hof zust\u00e4ndig Lica F\u00fctterung der Aufzuchtpferde und alle Arbeiten rund um den Hof Spoudri Scheermeister [&hellip;]<\/p>\n","protected":false},"author":1,"featured_media":687,"parent":25,"menu_order":0,"comment_status":"closed","ping_status":"closed","template":"","meta":{"footnotes":""},"class_list":["post-408","page","type-page","status-publish","has-post-thumbnail","hentry"],"_links":{"self":[{"href":"https:\/\/www.ausbildungsstall-holtwiesche.de\/en\/wp-json\/wp\/v2\/pages\/408","targetHints":{"allow":["GET"]}}],"collection":[{"href":"https:\/\/www.ausbildungsstall-holtwiesche.de\/en\/wp-json\/wp\/v2\/pages"}],"about":[{"href":"https:\/\/www.ausbildungsstall-holtwiesche.de\/en\/wp-json\/wp\/v2\/types\/page"}],"author":[{"embeddable":true,"href":"https:\/\/www.ausbildungsstall-holtwiesche.de\/en\/wp-json\/wp\/v2\/users\/1"}],"replies":[{"embeddable":true,"href":"https:\/\/www.ausbildungsstall-holtwiesche.de\/en\/wp-json\/wp\/v2\/comments?post=408"}],"version-history":[{"count":34,"href":"https:\/\/www.ausbildungsstall-holtwiesche.de\/en\/wp-json\/wp\/v2\/pages\/408\/revisions"}],"predecessor-version":[{"id":1158,"href":"https:\/\/www.ausbildungsstall-holtwiesche.de\/en\/wp-json\/wp\/v2\/pages\/408\/revisions\/1158"}],"up":[{"embeddable":true,"href":"https:\/\/www.ausbildungsstall-holtwiesche.de\/en\/wp-json\/wp\/v2\/pages\/25"}],"wp:featuredmedia":[{"embeddable":true,"href":"https:\/\/www.ausbildungsstall-holtwiesche.de\/en\/wp-json\/wp\/v2\/media\/687"}],"wp:attachment":[{"href":"https:\/\/www.ausbildungsstall-holtwiesche.de\/en\/wp-json\/wp\/v2\/media?parent=408"}],"curies":[{"name":"wp","href":"https:\/\/api.w.org\/{rel}","templated":true}]}}