{"id":402,"date":"2021-03-22T11:52:20","date_gmt":"2021-03-22T10:52:20","guid":{"rendered":"http:\/\/neu.ausbildungsstall-holtwiesche.de\/?page_id=402"},"modified":"2021-10-06T15:20:22","modified_gmt":"2021-10-06T13:20:22","slug":"vermarktung","status":"publish","type":"page","link":"https:\/\/www.ausbildungsstall-holtwiesche.de\/en\/leistungen\/vermarktung\/","title":{"rendered":"Vermarktung"},"content":{"rendered":"\n<div class=\"wp-block-group\"><div class=\"wp-block-group__inner-container is-layout-flow wp-block-group-is-layout-flow\">\n<h1 class=\"wp-block-heading\">Vermarktung<\/h1>\n\n\n\n<div class=\"wp-block-columns is-layout-flex wp-container-core-columns-is-layout-1 wp-block-columns-is-layout-flex\">\n<div class=\"wp-block-column is-layout-flow wp-block-column-is-layout-flow\">\n<p>Nach einer artgerechten Aufzucht und einer professionellen Ausbildung sorgen wir f\u00fcr eine lukrative Vermarktung und den profitablen Verkauf Ihrer Pferde.<br><\/p>\n\n\n\n<p>Bei uns k\u00f6nnen das ganze Jahr \u00fcber sowohl Pferde aus eigener Zucht als auch Pferde unserer Kunden erworben werden.<\/p>\n\n\n\n<p>F\u00fcr unsere Kunden erstellen wir selbstverst\u00e4ndlich professionelle Bilder und Videos und unterst\u00fctzen Sie mit der Gestaltung einer Verkaufsanzeige.<\/p>\n\n\n\n<p><a href=\"https:\/\/www.ausbildungsstall-holtwiesche.de\/verkauf\/\" data-type=\"page\" data-id=\"21\">Zu unseren Verkaufsangeboten<\/a><\/p>\n<\/div>\n\n\n\n<div class=\"wp-block-column is-layout-flow wp-block-column-is-layout-flow\">\n<figure class=\"wp-block-image size-full\"><img loading=\"lazy\" decoding=\"async\" width=\"976\" height=\"498\" src=\"https:\/\/www.ausbildungsstall-holtwiesche.de\/wp-content\/uploads\/2021\/08\/vermarktung-01.jpg\" alt=\"Vermarktung\" class=\"wp-image-824\" srcset=\"https:\/\/www.ausbildungsstall-holtwiesche.de\/wp-content\/uploads\/2021\/08\/vermarktung-01.jpg 976w, https:\/\/www.ausbildungsstall-holtwiesche.de\/wp-content\/uploads\/2021\/08\/vermarktung-01-300x153.jpg 300w, https:\/\/www.ausbildungsstall-holtwiesche.de\/wp-content\/uploads\/2021\/08\/vermarktung-01-768x392.jpg 768w\" sizes=\"auto, (max-width: 976px) 100vw, 976px\" \/><\/figure>\n<\/div>\n<\/div>\n<\/div><\/div>\n\n\n\n<div class=\"wp-block-columns is-layout-flex wp-container-core-columns-is-layout-2 wp-block-columns-is-layout-flex\">\n<div class=\"wp-block-column is-layout-flow wp-block-column-is-layout-flow\">\n<figure class=\"wp-block-image size-full\"><img loading=\"lazy\" decoding=\"async\" width=\"1000\" height=\"665\" src=\"https:\/\/www.ausbildungsstall-holtwiesche.de\/wp-content\/uploads\/2021\/09\/florissant.jpg\" alt=\"\" class=\"wp-image-913\" srcset=\"https:\/\/www.ausbildungsstall-holtwiesche.de\/wp-content\/uploads\/2021\/09\/florissant.jpg 1000w, https:\/\/www.ausbildungsstall-holtwiesche.de\/wp-content\/uploads\/2021\/09\/florissant-300x200.jpg 300w, https:\/\/www.ausbildungsstall-holtwiesche.de\/wp-content\/uploads\/2021\/09\/florissant-768x511.jpg 768w\" sizes=\"auto, (max-width: 1000px) 100vw, 1000px\" \/><\/figure>\n<\/div>\n\n\n\n<div class=\"wp-block-column is-layout-flow wp-block-column-is-layout-flow\"><\/div>\n<\/div>\n\n\n\n\n","protected":false},"excerpt":{"rendered":"<p>Vermarktung Nach einer artgerechten Aufzucht und einer professionellen Ausbildung sorgen wir f\u00fcr eine lukrative Vermarktung und den profitablen Verkauf Ihrer Pferde. Bei uns k\u00f6nnen das ganze Jahr \u00fcber sowohl Pferde aus eigener Zucht als auch Pferde unserer Kunden erworben werden. F\u00fcr unsere Kunden erstellen wir selbstverst\u00e4ndlich professionelle Bilder und Videos und unterst\u00fctzen Sie mit der [&hellip;]<\/p>\n","protected":false},"author":1,"featured_media":902,"parent":13,"menu_order":0,"comment_status":"closed","ping_status":"closed","template":"","meta":{"footnotes":""},"class_list":["post-402","page","type-page","status-publish","has-post-thumbnail","hentry"],"_links":{"self":[{"href":"https:\/\/www.ausbildungsstall-holtwiesche.de\/en\/wp-json\/wp\/v2\/pages\/402","targetHints":{"allow":["GET"]}}],"collection":[{"href":"https:\/\/www.ausbildungsstall-holtwiesche.de\/en\/wp-json\/wp\/v2\/pages"}],"about":[{"href":"https:\/\/www.ausbildungsstall-holtwiesche.de\/en\/wp-json\/wp\/v2\/types\/page"}],"author":[{"embeddable":true,"href":"https:\/\/www.ausbildungsstall-holtwiesche.de\/en\/wp-json\/wp\/v2\/users\/1"}],"replies":[{"embeddable":true,"href":"https:\/\/www.ausbildungsstall-holtwiesche.de\/en\/wp-json\/wp\/v2\/comments?post=402"}],"version-history":[{"count":10,"href":"https:\/\/www.ausbildungsstall-holtwiesche.de\/en\/wp-json\/wp\/v2\/pages\/402\/revisions"}],"predecessor-version":[{"id":974,"href":"https:\/\/www.ausbildungsstall-holtwiesche.de\/en\/wp-json\/wp\/v2\/pages\/402\/revisions\/974"}],"up":[{"embeddable":true,"href":"https:\/\/www.ausbildungsstall-holtwiesche.de\/en\/wp-json\/wp\/v2\/pages\/13"}],"wp:featuredmedia":[{"embeddable":true,"href":"https:\/\/www.ausbildungsstall-holtwiesche.de\/en\/wp-json\/wp\/v2\/media\/902"}],"wp:attachment":[{"href":"https:\/\/www.ausbildungsstall-holtwiesche.de\/en\/wp-json\/wp\/v2\/media?parent=402"}],"curies":[{"name":"wp","href":"https:\/\/api.w.org\/{rel}","templated":true}]}}