{"id":400,"date":"2021-03-22T11:51:48","date_gmt":"2021-03-22T10:51:48","guid":{"rendered":"http:\/\/neu.ausbildungsstall-holtwiesche.de\/?page_id=400"},"modified":"2021-10-06T15:17:59","modified_gmt":"2021-10-06T13:17:59","slug":"ausbilden-und-vorstellen","status":"publish","type":"page","link":"https:\/\/www.ausbildungsstall-holtwiesche.de\/en\/leistungen\/ausbilden-und-vorstellen\/","title":{"rendered":"Ausbilden und Vorstellen"},"content":{"rendered":"\n<div class=\"wp-block-group\"><div class=\"wp-block-group__inner-container is-layout-flow wp-block-group-is-layout-flow\">\n<h2 class=\"wp-block-heading\">Ausbilden und Vorstellen<\/h2>\n\n\n\n<div class=\"wp-block-columns is-layout-flex wp-container-core-columns-is-layout-1 wp-block-columns-is-layout-flex\">\n<div class=\"wp-block-column is-layout-flow wp-block-column-is-layout-flow\">\n<p>Wenn Sie Ihr junges Pferd professionell ausbilden lassen wollen, dann sind Sie und Ihr Pferd bei uns bestens aufgehoben. Neben dem Anreiten junger Pferde bieten wir auch die Turniervorstellung im Bereich von Basis- und Aufbaupr\u00fcfungen an.<\/p>\n\n\n\n<p>Au\u00dferdem geh\u00f6ren das Vorbereiten und die Vorstellung junger Stuten auf Stutenpr\u00fcfungen und Stutenschauen zu unseren Leistungsschwerpunkten.<\/p>\n<\/div>\n\n\n\n<div class=\"wp-block-column is-layout-flow wp-block-column-is-layout-flow\">\n<figure class=\"wp-block-image size-full\"><img loading=\"lazy\" decoding=\"async\" width=\"1024\" height=\"714\" src=\"https:\/\/www.ausbildungsstall-holtwiesche.de\/wp-content\/uploads\/2021\/09\/ccb4a590-1b7d-4f06-8b5a-6f4c3135e1c0.jpg\" alt=\"\" class=\"wp-image-900\" srcset=\"https:\/\/www.ausbildungsstall-holtwiesche.de\/wp-content\/uploads\/2021\/09\/ccb4a590-1b7d-4f06-8b5a-6f4c3135e1c0.jpg 1024w, https:\/\/www.ausbildungsstall-holtwiesche.de\/wp-content\/uploads\/2021\/09\/ccb4a590-1b7d-4f06-8b5a-6f4c3135e1c0-300x209.jpg 300w, https:\/\/www.ausbildungsstall-holtwiesche.de\/wp-content\/uploads\/2021\/09\/ccb4a590-1b7d-4f06-8b5a-6f4c3135e1c0-768x536.jpg 768w\" sizes=\"auto, (max-width: 1024px) 100vw, 1024px\" \/><\/figure>\n<\/div>\n<\/div>\n<\/div><\/div>\n","protected":false},"excerpt":{"rendered":"<p>Ausbilden und Vorstellen Wenn Sie Ihr junges Pferd professionell ausbilden lassen wollen, dann sind Sie und Ihr Pferd bei uns bestens aufgehoben. Neben dem Anreiten junger Pferde bieten wir auch die Turniervorstellung im Bereich von Basis- und Aufbaupr\u00fcfungen an. Au\u00dferdem geh\u00f6ren das Vorbereiten und die Vorstellung junger Stuten auf Stutenpr\u00fcfungen und Stutenschauen zu unseren Leistungsschwerpunkten.<\/p>\n","protected":false},"author":1,"featured_media":763,"parent":13,"menu_order":0,"comment_status":"closed","ping_status":"closed","template":"","meta":{"footnotes":""},"class_list":["post-400","page","type-page","status-publish","has-post-thumbnail","hentry"],"_links":{"self":[{"href":"https:\/\/www.ausbildungsstall-holtwiesche.de\/en\/wp-json\/wp\/v2\/pages\/400","targetHints":{"allow":["GET"]}}],"collection":[{"href":"https:\/\/www.ausbildungsstall-holtwiesche.de\/en\/wp-json\/wp\/v2\/pages"}],"about":[{"href":"https:\/\/www.ausbildungsstall-holtwiesche.de\/en\/wp-json\/wp\/v2\/types\/page"}],"author":[{"embeddable":true,"href":"https:\/\/www.ausbildungsstall-holtwiesche.de\/en\/wp-json\/wp\/v2\/users\/1"}],"replies":[{"embeddable":true,"href":"https:\/\/www.ausbildungsstall-holtwiesche.de\/en\/wp-json\/wp\/v2\/comments?post=400"}],"version-history":[{"count":9,"href":"https:\/\/www.ausbildungsstall-holtwiesche.de\/en\/wp-json\/wp\/v2\/pages\/400\/revisions"}],"predecessor-version":[{"id":972,"href":"https:\/\/www.ausbildungsstall-holtwiesche.de\/en\/wp-json\/wp\/v2\/pages\/400\/revisions\/972"}],"up":[{"embeddable":true,"href":"https:\/\/www.ausbildungsstall-holtwiesche.de\/en\/wp-json\/wp\/v2\/pages\/13"}],"wp:featuredmedia":[{"embeddable":true,"href":"https:\/\/www.ausbildungsstall-holtwiesche.de\/en\/wp-json\/wp\/v2\/media\/763"}],"wp:attachment":[{"href":"https:\/\/www.ausbildungsstall-holtwiesche.de\/en\/wp-json\/wp\/v2\/media?parent=400"}],"curies":[{"name":"wp","href":"https:\/\/api.w.org\/{rel}","templated":true}]}}