{"id":398,"date":"2021-03-22T11:50:50","date_gmt":"2021-03-22T10:50:50","guid":{"rendered":"http:\/\/neu.ausbildungsstall-holtwiesche.de\/?page_id=398"},"modified":"2021-10-06T15:49:09","modified_gmt":"2021-10-06T13:49:09","slug":"koervorbereitung","status":"publish","type":"page","link":"https:\/\/www.ausbildungsstall-holtwiesche.de\/en\/leistungen\/koervorbereitung\/","title":{"rendered":"K\u00f6rvorbereitung"},"content":{"rendered":"\n<div class=\"wp-block-group\"><div class=\"wp-block-group__inner-container is-layout-flow wp-block-group-is-layout-flow\">\n<h2 class=\"wp-block-heading\">K\u00f6rvorbereitung<\/h2>\n\n\n\n<div class=\"wp-block-columns is-layout-flex wp-container-core-columns-is-layout-1 wp-block-columns-is-layout-flex\">\n<div class=\"wp-block-column is-layout-flow wp-block-column-is-layout-flow\">\n<p>Die Vorbereitung von zweij\u00e4hrige Hengsten f\u00fcr die K\u00f6rung ist ein zentraler Bestandteil unserer T\u00e4tigkeit und von besonderer Bedeutung f\u00fcr den Pferdebesitzer und unseren Ausbildungsstall. Die Junghengste werden individuell ausgebildet, mehrmals t\u00e4glich bewegt und erhalten eine auf sie angepasste F\u00fctterung. \u00dcber die Arbeit an der Longe, dem F\u00fchren an der Hand und dem Freispringen hinaus bewegen sich die Pferde an der F\u00fchranlage und auf unseren Paddocks. Durch diese individuelle und umfassende Ausbildung erzielen wir optimale Ergebnisse.<\/p>\n<\/div>\n\n\n\n<div class=\"wp-block-column is-layout-flow wp-block-column-is-layout-flow\">\n<figure class=\"wp-block-image size-large\"><img loading=\"lazy\" decoding=\"async\" width=\"1024\" height=\"683\" src=\"https:\/\/www.ausbildungsstall-holtwiesche.de\/wp-content\/uploads\/2021\/03\/DSC01166-scaled-1-1024x683.jpg\" alt=\"\" class=\"wp-image-415\" srcset=\"https:\/\/www.ausbildungsstall-holtwiesche.de\/wp-content\/uploads\/2021\/03\/DSC01166-scaled-1-1024x683.jpg 1024w, https:\/\/www.ausbildungsstall-holtwiesche.de\/wp-content\/uploads\/2021\/03\/DSC01166-scaled-1-300x200.jpg 300w, https:\/\/www.ausbildungsstall-holtwiesche.de\/wp-content\/uploads\/2021\/03\/DSC01166-scaled-1-768x512.jpg 768w, https:\/\/www.ausbildungsstall-holtwiesche.de\/wp-content\/uploads\/2021\/03\/DSC01166-scaled-1.jpg 1200w\" sizes=\"auto, (max-width: 1024px) 100vw, 1024px\" \/><\/figure>\n<\/div>\n<\/div>\n\n\n\n<h3 class=\"wp-block-heading\">Videos<\/h3>\n\n\n\n<div class=\"wp-block-columns is-layout-flex wp-container-core-columns-is-layout-2 wp-block-columns-is-layout-flex\">\n<div class=\"wp-block-column is-layout-flow wp-block-column-is-layout-flow\">\n<figure class=\"wp-block-video\"><video controls poster=\"https:\/\/www.ausbildungsstall-holtwiesche.de\/wp-content\/uploads\/2021\/09\/video-2021-09-28-koervorbereitung-01.jpg\" src=\"https:\/\/www.ausbildungsstall-holtwiesche.de\/wp-content\/uploads\/2021\/09\/video-2021-09-28-koervorbereitung-01.mp4\"><\/video><figcaption>K\u00f6rvorbereitung<\/figcaption><\/figure>\n\n\n\n\n<\/div>\n\n\n\n<div class=\"wp-block-column is-layout-flow wp-block-column-is-layout-flow\">\n<figure class=\"wp-block-video\"><video controls poster=\"https:\/\/www.ausbildungsstall-holtwiesche.de\/wp-content\/uploads\/2021\/10\/video-longieren-01-vorschau-01.jpg\" src=\"https:\/\/www.ausbildungsstall-holtwiesche.de\/wp-content\/uploads\/2021\/10\/video-longieren-01.mp4\"><\/video><figcaption>Longieren<\/figcaption><\/figure>\n<\/div>\n<\/div>\n<\/div><\/div>\n","protected":false},"excerpt":{"rendered":"<p>K\u00f6rvorbereitung Die Vorbereitung von zweij\u00e4hrige Hengsten f\u00fcr die K\u00f6rung ist ein zentraler Bestandteil unserer T\u00e4tigkeit und von besonderer Bedeutung f\u00fcr den Pferdebesitzer und unseren Ausbildungsstall. Die Junghengste werden individuell ausgebildet, mehrmals t\u00e4glich bewegt und erhalten eine auf sie angepasste F\u00fctterung. \u00dcber die Arbeit an der Longe, dem F\u00fchren an der Hand und dem Freispringen hinaus [&hellip;]<\/p>\n","protected":false},"author":1,"featured_media":985,"parent":13,"menu_order":0,"comment_status":"closed","ping_status":"closed","template":"","meta":{"footnotes":""},"class_list":["post-398","page","type-page","status-publish","has-post-thumbnail","hentry"],"_links":{"self":[{"href":"https:\/\/www.ausbildungsstall-holtwiesche.de\/en\/wp-json\/wp\/v2\/pages\/398","targetHints":{"allow":["GET"]}}],"collection":[{"href":"https:\/\/www.ausbildungsstall-holtwiesche.de\/en\/wp-json\/wp\/v2\/pages"}],"about":[{"href":"https:\/\/www.ausbildungsstall-holtwiesche.de\/en\/wp-json\/wp\/v2\/types\/page"}],"author":[{"embeddable":true,"href":"https:\/\/www.ausbildungsstall-holtwiesche.de\/en\/wp-json\/wp\/v2\/users\/1"}],"replies":[{"embeddable":true,"href":"https:\/\/www.ausbildungsstall-holtwiesche.de\/en\/wp-json\/wp\/v2\/comments?post=398"}],"version-history":[{"count":15,"href":"https:\/\/www.ausbildungsstall-holtwiesche.de\/en\/wp-json\/wp\/v2\/pages\/398\/revisions"}],"predecessor-version":[{"id":964,"href":"https:\/\/www.ausbildungsstall-holtwiesche.de\/en\/wp-json\/wp\/v2\/pages\/398\/revisions\/964"}],"up":[{"embeddable":true,"href":"https:\/\/www.ausbildungsstall-holtwiesche.de\/en\/wp-json\/wp\/v2\/pages\/13"}],"wp:featuredmedia":[{"embeddable":true,"href":"https:\/\/www.ausbildungsstall-holtwiesche.de\/en\/wp-json\/wp\/v2\/media\/985"}],"wp:attachment":[{"href":"https:\/\/www.ausbildungsstall-holtwiesche.de\/en\/wp-json\/wp\/v2\/media?parent=398"}],"curies":[{"name":"wp","href":"https:\/\/api.w.org\/{rel}","templated":true}]}}