{"id":396,"date":"2021-03-22T11:50:17","date_gmt":"2021-03-22T10:50:17","guid":{"rendered":"http:\/\/neu.ausbildungsstall-holtwiesche.de\/?page_id=396"},"modified":"2021-10-05T15:20:29","modified_gmt":"2021-10-05T13:20:29","slug":"aufzucht","status":"publish","type":"page","link":"https:\/\/www.ausbildungsstall-holtwiesche.de\/en\/leistungen\/aufzucht\/","title":{"rendered":"Aufzucht"},"content":{"rendered":"\n<div class=\"wp-block-group is-style-default\"><div class=\"wp-block-group__inner-container is-layout-flow wp-block-group-is-layout-flow\">\n<h2 class=\"wp-block-heading\">Aufzucht<\/h2>\n\n\n\n<div class=\"wp-block-columns is-layout-flex wp-container-core-columns-is-layout-1 wp-block-columns-is-layout-flex\">\n<div class=\"wp-block-column is-layout-flow wp-block-column-is-layout-flow\">\n<p>Zu unserem Leistungsangebot geh\u00f6rt die professionelle Aufzucht von Absetzern, J\u00e4hrlingen und Zweij\u00e4hrigen.<\/p>\n\n\n\n<p>Die Pferde wachsen aufgrund unserer Erfahrung absolut artgerecht auf. Die Haltung in Gruppen bef\u00f6rdert eine gute Sozialisierung. Die Weiden und das Wohlbefinden unserer Pferde werden t\u00e4glich kontrolliert. So kann eine optimale Entwicklung sichergestellt werden. Im Winter stehen den Pferden gro\u00dfz\u00fcgige Laufst\u00e4lle und befestigte Paddocks zur Verf\u00fcgung.<\/p>\n\n\n\n<p>Gro\u00dfen Wert legen wir auch auf eine bedarfsgerechte F\u00fctterung unserer Sch\u00fctzlinge. Raufutter steht den Aufzuchtpferden rund um die Uhr zur Verf\u00fcgung. Die zus\u00e4tzliche Energie- und Mineralstoffversorgung wird durch hochwertiges Futter der Firma <a href=\"https:\/\/www.hoeveler.com\/home.html\" target=\"_blank\" rel=\"noreferrer noopener\">H\u00f6veler<\/a> gesichert.<\/p>\n<\/div>\n\n\n\n<div class=\"wp-block-column is-layout-flow wp-block-column-is-layout-flow\">\n<figure class=\"wp-block-image size-full\"><img loading=\"lazy\" decoding=\"async\" width=\"1000\" height=\"667\" src=\"https:\/\/www.ausbildungsstall-holtwiesche.de\/wp-content\/uploads\/2021\/08\/aufzucht-02.jpg\" alt=\"Aufzucht\" class=\"wp-image-748\" srcset=\"https:\/\/www.ausbildungsstall-holtwiesche.de\/wp-content\/uploads\/2021\/08\/aufzucht-02.jpg 1000w, https:\/\/www.ausbildungsstall-holtwiesche.de\/wp-content\/uploads\/2021\/08\/aufzucht-02-300x200.jpg 300w, https:\/\/www.ausbildungsstall-holtwiesche.de\/wp-content\/uploads\/2021\/08\/aufzucht-02-768x512.jpg 768w\" sizes=\"auto, (max-width: 1000px) 100vw, 1000px\" \/><\/figure>\n<\/div>\n<\/div>\n\n\n\n<figure class=\"wp-block-gallery columns-3 is-cropped wp-block-gallery-1 is-layout-flex wp-block-gallery-is-layout-flex\"><ul class=\"blocks-gallery-grid\"><li class=\"blocks-gallery-item\"><figure><a href=\"https:\/\/www.ausbildungsstall-holtwiesche.de\/wp-content\/uploads\/2021\/08\/aufzucht-09.jpg\"><img loading=\"lazy\" decoding=\"async\" width=\"1000\" height=\"667\" src=\"https:\/\/www.ausbildungsstall-holtwiesche.de\/wp-content\/uploads\/2021\/08\/aufzucht-09.jpg\" alt=\"Aufzucht\" data-id=\"755\" data-link=\"https:\/\/www.ausbildungsstall-holtwiesche.de\/leistungen\/aufzucht\/aufzucht-09\/\" class=\"wp-image-755\" srcset=\"https:\/\/www.ausbildungsstall-holtwiesche.de\/wp-content\/uploads\/2021\/08\/aufzucht-09.jpg 1000w, https:\/\/www.ausbildungsstall-holtwiesche.de\/wp-content\/uploads\/2021\/08\/aufzucht-09-300x200.jpg 300w, https:\/\/www.ausbildungsstall-holtwiesche.de\/wp-content\/uploads\/2021\/08\/aufzucht-09-768x512.jpg 768w\" sizes=\"auto, (max-width: 1000px) 100vw, 1000px\" \/><\/a><\/figure><\/li><li class=\"blocks-gallery-item\"><figure><a href=\"https:\/\/www.ausbildungsstall-holtwiesche.de\/wp-content\/uploads\/2021\/08\/aufzucht-08.jpg\"><img loading=\"lazy\" decoding=\"async\" width=\"1000\" height=\"667\" src=\"https:\/\/www.ausbildungsstall-holtwiesche.de\/wp-content\/uploads\/2021\/08\/aufzucht-08.jpg\" alt=\"Aufzucht\" data-id=\"754\" data-link=\"https:\/\/www.ausbildungsstall-holtwiesche.de\/leistungen\/aufzucht\/aufzucht-08\/\" class=\"wp-image-754\" srcset=\"https:\/\/www.ausbildungsstall-holtwiesche.de\/wp-content\/uploads\/2021\/08\/aufzucht-08.jpg 1000w, https:\/\/www.ausbildungsstall-holtwiesche.de\/wp-content\/uploads\/2021\/08\/aufzucht-08-300x200.jpg 300w, https:\/\/www.ausbildungsstall-holtwiesche.de\/wp-content\/uploads\/2021\/08\/aufzucht-08-768x512.jpg 768w\" sizes=\"auto, (max-width: 1000px) 100vw, 1000px\" \/><\/a><\/figure><\/li><li class=\"blocks-gallery-item\"><figure><a href=\"https:\/\/www.ausbildungsstall-holtwiesche.de\/wp-content\/uploads\/2021\/08\/aufzucht-07.jpg\"><img loading=\"lazy\" decoding=\"async\" width=\"1000\" height=\"667\" src=\"https:\/\/www.ausbildungsstall-holtwiesche.de\/wp-content\/uploads\/2021\/08\/aufzucht-07.jpg\" alt=\"Aufzucht\" data-id=\"753\" data-link=\"https:\/\/www.ausbildungsstall-holtwiesche.de\/leistungen\/aufzucht\/aufzucht-07\/\" class=\"wp-image-753\" srcset=\"https:\/\/www.ausbildungsstall-holtwiesche.de\/wp-content\/uploads\/2021\/08\/aufzucht-07.jpg 1000w, https:\/\/www.ausbildungsstall-holtwiesche.de\/wp-content\/uploads\/2021\/08\/aufzucht-07-300x200.jpg 300w, https:\/\/www.ausbildungsstall-holtwiesche.de\/wp-content\/uploads\/2021\/08\/aufzucht-07-768x512.jpg 768w\" sizes=\"auto, (max-width: 1000px) 100vw, 1000px\" \/><\/a><\/figure><\/li><li class=\"blocks-gallery-item\"><figure><a href=\"https:\/\/www.ausbildungsstall-holtwiesche.de\/wp-content\/uploads\/2021\/08\/aufzucht-06.jpg\"><img loading=\"lazy\" decoding=\"async\" width=\"1000\" height=\"667\" src=\"https:\/\/www.ausbildungsstall-holtwiesche.de\/wp-content\/uploads\/2021\/08\/aufzucht-06.jpg\" alt=\"Aufzucht\" data-id=\"752\" data-link=\"https:\/\/www.ausbildungsstall-holtwiesche.de\/leistungen\/aufzucht\/aufzucht-06\/\" class=\"wp-image-752\" srcset=\"https:\/\/www.ausbildungsstall-holtwiesche.de\/wp-content\/uploads\/2021\/08\/aufzucht-06.jpg 1000w, https:\/\/www.ausbildungsstall-holtwiesche.de\/wp-content\/uploads\/2021\/08\/aufzucht-06-300x200.jpg 300w, https:\/\/www.ausbildungsstall-holtwiesche.de\/wp-content\/uploads\/2021\/08\/aufzucht-06-768x512.jpg 768w\" sizes=\"auto, (max-width: 1000px) 100vw, 1000px\" \/><\/a><\/figure><\/li><li class=\"blocks-gallery-item\"><figure><a href=\"https:\/\/www.ausbildungsstall-holtwiesche.de\/wp-content\/uploads\/2021\/08\/aufzucht-05.jpg\"><img loading=\"lazy\" decoding=\"async\" width=\"1000\" height=\"667\" src=\"https:\/\/www.ausbildungsstall-holtwiesche.de\/wp-content\/uploads\/2021\/08\/aufzucht-05.jpg\" alt=\"Aufzucht\" data-id=\"751\" data-link=\"https:\/\/www.ausbildungsstall-holtwiesche.de\/leistungen\/aufzucht\/aufzucht-05\/\" class=\"wp-image-751\" srcset=\"https:\/\/www.ausbildungsstall-holtwiesche.de\/wp-content\/uploads\/2021\/08\/aufzucht-05.jpg 1000w, https:\/\/www.ausbildungsstall-holtwiesche.de\/wp-content\/uploads\/2021\/08\/aufzucht-05-300x200.jpg 300w, https:\/\/www.ausbildungsstall-holtwiesche.de\/wp-content\/uploads\/2021\/08\/aufzucht-05-768x512.jpg 768w\" sizes=\"auto, (max-width: 1000px) 100vw, 1000px\" \/><\/a><\/figure><\/li><li class=\"blocks-gallery-item\"><figure><a href=\"https:\/\/www.ausbildungsstall-holtwiesche.de\/wp-content\/uploads\/2021\/08\/aufzucht-04.jpg\"><img loading=\"lazy\" decoding=\"async\" width=\"1000\" height=\"667\" src=\"https:\/\/www.ausbildungsstall-holtwiesche.de\/wp-content\/uploads\/2021\/08\/aufzucht-04.jpg\" alt=\"Aufzucht\" data-id=\"750\" data-link=\"https:\/\/www.ausbildungsstall-holtwiesche.de\/leistungen\/aufzucht\/aufzucht-04\/\" class=\"wp-image-750\" srcset=\"https:\/\/www.ausbildungsstall-holtwiesche.de\/wp-content\/uploads\/2021\/08\/aufzucht-04.jpg 1000w, https:\/\/www.ausbildungsstall-holtwiesche.de\/wp-content\/uploads\/2021\/08\/aufzucht-04-300x200.jpg 300w, https:\/\/www.ausbildungsstall-holtwiesche.de\/wp-content\/uploads\/2021\/08\/aufzucht-04-768x512.jpg 768w\" sizes=\"auto, (max-width: 1000px) 100vw, 1000px\" \/><\/a><\/figure><\/li><li class=\"blocks-gallery-item\"><figure><a href=\"https:\/\/www.ausbildungsstall-holtwiesche.de\/wp-content\/uploads\/2021\/08\/aufzucht-03.jpg\"><img loading=\"lazy\" decoding=\"async\" width=\"1000\" height=\"667\" src=\"https:\/\/www.ausbildungsstall-holtwiesche.de\/wp-content\/uploads\/2021\/08\/aufzucht-03.jpg\" alt=\"Aufzucht\" data-id=\"749\" data-link=\"https:\/\/www.ausbildungsstall-holtwiesche.de\/leistungen\/aufzucht\/aufzucht-03\/\" class=\"wp-image-749\" srcset=\"https:\/\/www.ausbildungsstall-holtwiesche.de\/wp-content\/uploads\/2021\/08\/aufzucht-03.jpg 1000w, https:\/\/www.ausbildungsstall-holtwiesche.de\/wp-content\/uploads\/2021\/08\/aufzucht-03-300x200.jpg 300w, https:\/\/www.ausbildungsstall-holtwiesche.de\/wp-content\/uploads\/2021\/08\/aufzucht-03-768x512.jpg 768w\" sizes=\"auto, (max-width: 1000px) 100vw, 1000px\" \/><\/a><\/figure><\/li><li class=\"blocks-gallery-item\"><figure><a href=\"https:\/\/www.ausbildungsstall-holtwiesche.de\/wp-content\/uploads\/2021\/08\/aufzucht-01.jpg\"><img loading=\"lazy\" decoding=\"async\" width=\"1000\" height=\"667\" src=\"https:\/\/www.ausbildungsstall-holtwiesche.de\/wp-content\/uploads\/2021\/08\/aufzucht-01.jpg\" alt=\"Aufzucht\" data-id=\"747\" data-link=\"https:\/\/www.ausbildungsstall-holtwiesche.de\/leistungen\/aufzucht\/aufzucht-01\/\" class=\"wp-image-747\" srcset=\"https:\/\/www.ausbildungsstall-holtwiesche.de\/wp-content\/uploads\/2021\/08\/aufzucht-01.jpg 1000w, https:\/\/www.ausbildungsstall-holtwiesche.de\/wp-content\/uploads\/2021\/08\/aufzucht-01-300x200.jpg 300w, https:\/\/www.ausbildungsstall-holtwiesche.de\/wp-content\/uploads\/2021\/08\/aufzucht-01-768x512.jpg 768w\" sizes=\"auto, (max-width: 1000px) 100vw, 1000px\" \/><\/a><\/figure><\/li><li class=\"blocks-gallery-item\"><figure><a href=\"https:\/\/www.ausbildungsstall-holtwiesche.de\/wp-content\/uploads\/2021\/08\/aufzucht-10.jpg\"><img loading=\"lazy\" decoding=\"async\" width=\"1000\" height=\"667\" src=\"https:\/\/www.ausbildungsstall-holtwiesche.de\/wp-content\/uploads\/2021\/08\/aufzucht-10.jpg\" alt=\"Aufzucht\" data-id=\"756\" data-link=\"https:\/\/www.ausbildungsstall-holtwiesche.de\/leistungen\/aufzucht\/aufzucht-10\/\" class=\"wp-image-756\" srcset=\"https:\/\/www.ausbildungsstall-holtwiesche.de\/wp-content\/uploads\/2021\/08\/aufzucht-10.jpg 1000w, https:\/\/www.ausbildungsstall-holtwiesche.de\/wp-content\/uploads\/2021\/08\/aufzucht-10-300x200.jpg 300w, https:\/\/www.ausbildungsstall-holtwiesche.de\/wp-content\/uploads\/2021\/08\/aufzucht-10-768x512.jpg 768w\" sizes=\"auto, (max-width: 1000px) 100vw, 1000px\" \/><\/a><\/figure><\/li><li class=\"blocks-gallery-item\"><figure><a href=\"https:\/\/www.ausbildungsstall-holtwiesche.de\/wp-content\/uploads\/2021\/03\/DSC00494-scaled-1-1024x683.jpg\"><img loading=\"lazy\" decoding=\"async\" width=\"1024\" height=\"683\" src=\"https:\/\/www.ausbildungsstall-holtwiesche.de\/wp-content\/uploads\/2021\/03\/DSC00494-scaled-1-1024x683.jpg\" alt=\"\" data-id=\"431\" data-link=\"https:\/\/www.ausbildungsstall-holtwiesche.de\/leistungen\/ausbilden-und-vorstellen\/dsc00494-scaled\/\" class=\"wp-image-431\" srcset=\"https:\/\/www.ausbildungsstall-holtwiesche.de\/wp-content\/uploads\/2021\/03\/DSC00494-scaled-1-1024x683.jpg 1024w, https:\/\/www.ausbildungsstall-holtwiesche.de\/wp-content\/uploads\/2021\/03\/DSC00494-scaled-1-300x200.jpg 300w, https:\/\/www.ausbildungsstall-holtwiesche.de\/wp-content\/uploads\/2021\/03\/DSC00494-scaled-1-768x512.jpg 768w, https:\/\/www.ausbildungsstall-holtwiesche.de\/wp-content\/uploads\/2021\/03\/DSC00494-scaled-1.jpg 1200w\" sizes=\"auto, (max-width: 1024px) 100vw, 1024px\" \/><\/a><\/figure><\/li><li class=\"blocks-gallery-item\"><figure><a href=\"https:\/\/www.ausbildungsstall-holtwiesche.de\/wp-content\/uploads\/2021\/09\/pferdeboxen02.jpg\"><img loading=\"lazy\" decoding=\"async\" width=\"1024\" height=\"576\" src=\"https:\/\/www.ausbildungsstall-holtwiesche.de\/wp-content\/uploads\/2021\/09\/pferdeboxen02.jpg\" alt=\"\" data-id=\"867\" data-link=\"https:\/\/www.ausbildungsstall-holtwiesche.de\/leistungen\/aufzucht\/pferdeboxen02\/\" class=\"wp-image-867\" srcset=\"https:\/\/www.ausbildungsstall-holtwiesche.de\/wp-content\/uploads\/2021\/09\/pferdeboxen02.jpg 1024w, https:\/\/www.ausbildungsstall-holtwiesche.de\/wp-content\/uploads\/2021\/09\/pferdeboxen02-300x169.jpg 300w, https:\/\/www.ausbildungsstall-holtwiesche.de\/wp-content\/uploads\/2021\/09\/pferdeboxen02-768x432.jpg 768w\" sizes=\"auto, (max-width: 1024px) 100vw, 1024px\" \/><\/a><\/figure><\/li><li class=\"blocks-gallery-item\"><figure><a href=\"https:\/\/www.ausbildungsstall-holtwiesche.de\/wp-content\/uploads\/2021\/09\/pferdeboxen03.jpg\"><img loading=\"lazy\" decoding=\"async\" width=\"1024\" height=\"576\" src=\"https:\/\/www.ausbildungsstall-holtwiesche.de\/wp-content\/uploads\/2021\/09\/pferdeboxen03.jpg\" alt=\"\" data-id=\"868\" data-link=\"https:\/\/www.ausbildungsstall-holtwiesche.de\/leistungen\/aufzucht\/pferdeboxen03\/\" class=\"wp-image-868\" srcset=\"https:\/\/www.ausbildungsstall-holtwiesche.de\/wp-content\/uploads\/2021\/09\/pferdeboxen03.jpg 1024w, https:\/\/www.ausbildungsstall-holtwiesche.de\/wp-content\/uploads\/2021\/09\/pferdeboxen03-300x169.jpg 300w, https:\/\/www.ausbildungsstall-holtwiesche.de\/wp-content\/uploads\/2021\/09\/pferdeboxen03-768x432.jpg 768w\" sizes=\"auto, (max-width: 1024px) 100vw, 1024px\" \/><\/a><\/figure><\/li><li class=\"blocks-gallery-item\"><figure><a href=\"https:\/\/www.ausbildungsstall-holtwiesche.de\/wp-content\/uploads\/2021\/09\/DSC00300-scaled-1.jpg\"><img loading=\"lazy\" decoding=\"async\" width=\"1024\" height=\"382\" src=\"https:\/\/www.ausbildungsstall-holtwiesche.de\/wp-content\/uploads\/2021\/09\/DSC00300-scaled-1-1024x382.jpg\" alt=\"\" data-id=\"872\" data-full-url=\"https:\/\/www.ausbildungsstall-holtwiesche.de\/wp-content\/uploads\/2021\/09\/DSC00300-scaled-1.jpg\" data-link=\"https:\/\/www.ausbildungsstall-holtwiesche.de\/leistungen\/aufzucht\/dsc00300-scaled-1\/\" class=\"wp-image-872\" srcset=\"https:\/\/www.ausbildungsstall-holtwiesche.de\/wp-content\/uploads\/2021\/09\/DSC00300-scaled-1-1024x382.jpg 1024w, https:\/\/www.ausbildungsstall-holtwiesche.de\/wp-content\/uploads\/2021\/09\/DSC00300-scaled-1-300x112.jpg 300w, https:\/\/www.ausbildungsstall-holtwiesche.de\/wp-content\/uploads\/2021\/09\/DSC00300-scaled-1-768x287.jpg 768w, https:\/\/www.ausbildungsstall-holtwiesche.de\/wp-content\/uploads\/2021\/09\/DSC00300-scaled-1-1536x573.jpg 1536w, https:\/\/www.ausbildungsstall-holtwiesche.de\/wp-content\/uploads\/2021\/09\/DSC00300-scaled-1-2048x764.jpg 2048w\" sizes=\"auto, (max-width: 1024px) 100vw, 1024px\" \/><\/a><\/figure><\/li><\/ul><\/figure>\n<\/div><\/div>\n\n\n\n\n","protected":false},"excerpt":{"rendered":"<p>Aufzucht Zu unserem Leistungsangebot geh\u00f6rt die professionelle Aufzucht von Absetzern, J\u00e4hrlingen und Zweij\u00e4hrigen. Die Pferde wachsen aufgrund unserer Erfahrung absolut artgerecht auf. Die Haltung in Gruppen bef\u00f6rdert eine gute Sozialisierung. Die Weiden und das Wohlbefinden unserer Pferde werden t\u00e4glich kontrolliert. So kann eine optimale Entwicklung sichergestellt werden. Im Winter stehen den Pferden gro\u00dfz\u00fcgige Laufst\u00e4lle und [&hellip;]<\/p>\n","protected":false},"author":1,"featured_media":865,"parent":13,"menu_order":0,"comment_status":"closed","ping_status":"closed","template":"","meta":{"footnotes":""},"class_list":["post-396","page","type-page","status-publish","has-post-thumbnail","hentry"],"_links":{"self":[{"href":"https:\/\/www.ausbildungsstall-holtwiesche.de\/en\/wp-json\/wp\/v2\/pages\/396","targetHints":{"allow":["GET"]}}],"collection":[{"href":"https:\/\/www.ausbildungsstall-holtwiesche.de\/en\/wp-json\/wp\/v2\/pages"}],"about":[{"href":"https:\/\/www.ausbildungsstall-holtwiesche.de\/en\/wp-json\/wp\/v2\/types\/page"}],"author":[{"embeddable":true,"href":"https:\/\/www.ausbildungsstall-holtwiesche.de\/en\/wp-json\/wp\/v2\/users\/1"}],"replies":[{"embeddable":true,"href":"https:\/\/www.ausbildungsstall-holtwiesche.de\/en\/wp-json\/wp\/v2\/comments?post=396"}],"version-history":[{"count":16,"href":"https:\/\/www.ausbildungsstall-holtwiesche.de\/en\/wp-json\/wp\/v2\/pages\/396\/revisions"}],"predecessor-version":[{"id":969,"href":"https:\/\/www.ausbildungsstall-holtwiesche.de\/en\/wp-json\/wp\/v2\/pages\/396\/revisions\/969"}],"up":[{"embeddable":true,"href":"https:\/\/www.ausbildungsstall-holtwiesche.de\/en\/wp-json\/wp\/v2\/pages\/13"}],"wp:featuredmedia":[{"embeddable":true,"href":"https:\/\/www.ausbildungsstall-holtwiesche.de\/en\/wp-json\/wp\/v2\/media\/865"}],"wp:attachment":[{"href":"https:\/\/www.ausbildungsstall-holtwiesche.de\/en\/wp-json\/wp\/v2\/media?parent=396"}],"curies":[{"name":"wp","href":"https:\/\/api.w.org\/{rel}","templated":true}]}}