{"id":368,"date":"2021-03-21T20:17:58","date_gmt":"2021-03-21T19:17:58","guid":{"rendered":"http:\/\/neu.ausbildungsstall-holtwiesche.de\/?page_id=368"},"modified":"2021-10-06T15:23:59","modified_gmt":"2021-10-06T13:23:59","slug":"erfolge","status":"publish","type":"page","link":"https:\/\/www.ausbildungsstall-holtwiesche.de\/en\/erfolge\/","title":{"rendered":"Erfolge"},"content":{"rendered":"\n<div class=\"wp-block-cover alignfull has-light-blue-background-color has-background-dim\"><div class=\"wp-block-cover__inner-container is-layout-flow wp-block-cover-is-layout-flow\">\n<h2 class=\"wp-block-heading\">Erfolge<\/h2>\n\n\n\n<div class=\"wp-block-columns is-layout-flex wp-container-core-columns-is-layout-1 wp-block-columns-is-layout-flex\">\n<div class=\"wp-block-column is-layout-flow wp-block-column-is-layout-flow\">\n<p>Unser Ziel ist es, unseren Kunden ein f\u00fcr Ihren Zweck gut ausgebildetes Pferd zur\u00fcckzugeben.<\/p>\n\n\n\n<p>Zu unserer erstklassigen Erfolgsbilanz tragen neben positiven K\u00f6rurteilen auch herausragende Ergebnisse von Stuten bei Stutenpr\u00fcfungen, Staatspr\u00e4mienstuten sowie erfolgreiche Championats- und Auktionsfohlen bei.<\/p>\n<\/div>\n\n\n\n<div class=\"wp-block-column is-layout-flow wp-block-column-is-layout-flow\">\n<p>St\u00f6bern Sie in einigen der sch\u00f6nsten Erfolge unserer bisher betreuten Z\u00f6glinge!<\/p>\n<\/div>\n<\/div>\n<\/div><\/div>\n\n\n<div class=\"erfolge-wrapper\"><div class=\"erfolge-post-wrapper\"><a href=\"https:\/\/www.ausbildungsstall-holtwiesche.de\/en\/erfolge_post\/eliteschau-in-muenster-handorf-am-30-juli-2021\/\"><div class=\"erfolge-thumbnail\" style=\"background-image: url(https:\/\/www.ausbildungsstall-holtwiesche.de\/wp-content\/uploads\/2021\/07\/Dark-Dynamic-e1703758048490-768x612.jpg)\"><\/div><\/a><div class=\"erfolge-text\"><span class=\"post-date\">December 2023<\/span><a href=\"https:\/\/www.ausbildungsstall-holtwiesche.de\/en\/erfolge_post\/eliteschau-in-muenster-handorf-am-30-juli-2021\/\"><h3 class=\"erfolge_title\">Dark Dynamic Siegerhengst Westfalen 2023<\/h3><\/a>\n\n\n<p>Das zweite Jahr in Folge konnten wir den westf\u00e4lischen Siegerhengst und die Preisspitze in M\u00fcnster-Handorf vorstellen. Zus\u00e4tzlich gab es den Preis f\u00fcr den besten Vorf\u00fchrer!<\/p>\n\n\n\n<div class=\"wp-block-button\"><a href=\"https:\/\/www.ausbildungsstall-holtwiesche.de\/en\/erfolge_post\/eliteschau-in-muenster-handorf-am-30-juli-2021\/\" class=\"more-link button\" title=\"Dark Dynamic Siegerhengst Westfalen 2023\">read more<\/a><\/div><\/div><\/div><div class=\"deckhengste-hr\"><hr><\/div><div class=\"erfolge-post-wrapper\"><a href=\"https:\/\/www.ausbildungsstall-holtwiesche.de\/en\/erfolge_post\/v-power-von-viva-gold-x-fidertanz-wurde-in-muenster-handorf-sowohl-siegerhengst-preisspitze-und-publikumsliebling\/\"><div class=\"erfolge-thumbnail\" style=\"background-image: url(https:\/\/www.ausbildungsstall-holtwiesche.de\/wp-content\/uploads\/2023\/11\/IMG-20230628-WA0003_Foto-_VPower-e1703758540326-768x577.jpg)\"><\/div><\/a><div class=\"erfolge-text\"><span class=\"post-date\">December 2022<\/span><a href=\"https:\/\/www.ausbildungsstall-holtwiesche.de\/en\/erfolge_post\/v-power-von-viva-gold-x-fidertanz-wurde-in-muenster-handorf-sowohl-siegerhengst-preisspitze-und-publikumsliebling\/\"><h3 class=\"erfolge_title\">V-Power Siegerhengst Dressur und Preisspitze Westfalen 2022<\/h3><\/a>\n<p>Der Hengst von Viva Gold x Fidertanz wurde in M\u00fcnster-Handorf sowohl Siegerhengst, Preisspitze und Publikumsliebling!<\/p>\n\n\n\n<div class=\"wp-block-button\"><a href=\"https:\/\/www.ausbildungsstall-holtwiesche.de\/en\/erfolge_post\/v-power-von-viva-gold-x-fidertanz-wurde-in-muenster-handorf-sowohl-siegerhengst-preisspitze-und-publikumsliebling\/\" class=\"more-link button\" title=\"V-Power Siegerhengst Dressur und Preisspitze Westfalen 2022\">read more<\/a><\/div><\/div><\/div><div class=\"deckhengste-hr\"><hr><\/div><div class=\"erfolge-post-wrapper\"><a href=\"https:\/\/www.ausbildungsstall-holtwiesche.de\/en\/erfolge_post\/siegerhengst-springen-muenchen-2022\/\"><div class=\"erfolge-thumbnail\" style=\"background-image: url(https:\/\/www.ausbildungsstall-holtwiesche.de\/wp-content\/uploads\/2023\/12\/Casino-Grande-e1703760184847-768x765.jpg)\"><\/div><\/a><div class=\"erfolge-text\"><span class=\"post-date\">February 2022<\/span><a href=\"https:\/\/www.ausbildungsstall-holtwiesche.de\/en\/erfolge_post\/siegerhengst-springen-muenchen-2022\/\"><h3 class=\"erfolge_title\">Siegerhengst Springen M\u00fcnchen 2022<\/h3><\/a>\n<p>Mit dem Sohn des Casino Grande x Havanna Club aus der Zucht und dem Besitz von Antonius Schulze-Averdiek konnten wir erneut den Springsiegerhengst auf den DSP-K\u00f6rtagen vorstellen. <\/p>\n\n\n\n<div class=\"wp-block-button\"><a href=\"https:\/\/www.ausbildungsstall-holtwiesche.de\/en\/erfolge_post\/siegerhengst-springen-muenchen-2022\/\" class=\"more-link button\" title=\"Siegerhengst Springen M\u00fcnchen 2022\">read more<\/a><\/div><\/div><\/div><div class=\"deckhengste-hr\"><hr><\/div><div class=\"erfolge-post-wrapper\"><a href=\"https:\/\/www.ausbildungsstall-holtwiesche.de\/en\/erfolge_post\/siegerhengst-2020\/\"><div class=\"erfolge-thumbnail\" style=\"background-image: url(https:\/\/www.ausbildungsstall-holtwiesche.de\/wp-content\/uploads\/2021\/09\/collage-spring2-2020-03.jpg)\"><\/div><\/a><div class=\"erfolge-text\"><span class=\"post-date\">October 2020<\/span><a href=\"https:\/\/www.ausbildungsstall-holtwiesche.de\/en\/erfolge_post\/siegerhengst-2020\/\"><h3 class=\"erfolge_title\">Coeur de Bella Donna - Siegerhengst Springen Westfalen 2020<\/h3><\/a>\n\n\n<p><strong>Cornet Obolensky x Baldini II aus der Zucht der Quatar Armed Forces GmbH<\/strong><\/p>\n\n\n\n<div class=\"wp-block-button\"><a href=\"https:\/\/www.ausbildungsstall-holtwiesche.de\/en\/erfolge_post\/siegerhengst-2020\/\" class=\"more-link button\" title=\"Coeur de Bella Donna &#8211; Siegerhengst Springen Westfalen 2020\">read more<\/a><\/div><\/div><\/div><div class=\"deckhengste-hr\"><hr><\/div><div class=\"erfolge-post-wrapper\"><a href=\"https:\/\/www.ausbildungsstall-holtwiesche.de\/en\/erfolge_post\/c\/\"><div class=\"erfolge-thumbnail\" style=\"background-image: url(https:\/\/www.ausbildungsstall-holtwiesche.de\/wp-content\/uploads\/2021\/09\/coupiko-768x543.jpg)\"><\/div><\/a><div class=\"erfolge-text\"><span class=\"post-date\">September 2019<\/span><a href=\"https:\/\/www.ausbildungsstall-holtwiesche.de\/en\/erfolge_post\/c\/\"><h3 class=\"erfolge_title\">Coupiko \u2013 DSP Siegerhengst Springen 2019<\/h3><\/a>\n\n\n<p>Coupiko Hengst von Coupie x Konkorde.\u00a0\u00a0<br>Z\u00fcchter und Besitzer ist Monika Gr\u00f6tzner aus Lehrberg.<\/p>\n\n\n\n<div class=\"wp-block-button\"><a href=\"https:\/\/www.ausbildungsstall-holtwiesche.de\/en\/erfolge_post\/c\/\" class=\"more-link button\" title=\"Coupiko \u2013 DSP Siegerhengst Springen 2019\">read more<\/a><\/div><\/div><\/div><div class=\"deckhengste-hr\"><hr><\/div><div class=\"erfolge-post-wrapper\"><a href=\"https:\/\/www.ausbildungsstall-holtwiesche.de\/en\/erfolge_post\/dialido-dsp-siegerhengst-springen-2018\/\"><div class=\"erfolge-thumbnail\" style=\"background-image: url(https:\/\/www.ausbildungsstall-holtwiesche.de\/wp-content\/uploads\/2021\/09\/dialido-768x543.jpg)\"><\/div><\/a><div class=\"erfolge-text\"><span class=\"post-date\">September 2018<\/span><a href=\"https:\/\/www.ausbildungsstall-holtwiesche.de\/en\/erfolge_post\/dialido-dsp-siegerhengst-springen-2018\/\"><h3 class=\"erfolge_title\">Dialido \u2013 DSP Siegerhengst Springen 2018<\/h3><\/a>\n\n\n<p>Hengst von Diarado x Calido I x Acorado aus der BG Veronika M\u00fcller und Christina Winkler. Aus der Zucht von Karl-Heinz Ballmes.<\/p>\n\n\n\n<div class=\"wp-block-button\"><a href=\"https:\/\/www.ausbildungsstall-holtwiesche.de\/en\/erfolge_post\/dialido-dsp-siegerhengst-springen-2018\/\" class=\"more-link button\" title=\"Dialido \u2013 DSP Siegerhengst Springen 2018\">read more<\/a><\/div><\/div><\/div><\/div>\n","protected":false},"excerpt":{"rendered":"","protected":false},"author":1,"featured_media":373,"parent":0,"menu_order":51,"comment_status":"closed","ping_status":"closed","template":"","meta":{"footnotes":""},"class_list":["post-368","page","type-page","status-publish","has-post-thumbnail","hentry"],"_links":{"self":[{"href":"https:\/\/www.ausbildungsstall-holtwiesche.de\/en\/wp-json\/wp\/v2\/pages\/368","targetHints":{"allow":["GET"]}}],"collection":[{"href":"https:\/\/www.ausbildungsstall-holtwiesche.de\/en\/wp-json\/wp\/v2\/pages"}],"about":[{"href":"https:\/\/www.ausbildungsstall-holtwiesche.de\/en\/wp-json\/wp\/v2\/types\/page"}],"author":[{"embeddable":true,"href":"https:\/\/www.ausbildungsstall-holtwiesche.de\/en\/wp-json\/wp\/v2\/users\/1"}],"replies":[{"embeddable":true,"href":"https:\/\/www.ausbildungsstall-holtwiesche.de\/en\/wp-json\/wp\/v2\/comments?post=368"}],"version-history":[{"count":7,"href":"https:\/\/www.ausbildungsstall-holtwiesche.de\/en\/wp-json\/wp\/v2\/pages\/368\/revisions"}],"predecessor-version":[{"id":979,"href":"https:\/\/www.ausbildungsstall-holtwiesche.de\/en\/wp-json\/wp\/v2\/pages\/368\/revisions\/979"}],"wp:featuredmedia":[{"embeddable":true,"href":"https:\/\/www.ausbildungsstall-holtwiesche.de\/en\/wp-json\/wp\/v2\/media\/373"}],"wp:attachment":[{"href":"https:\/\/www.ausbildungsstall-holtwiesche.de\/en\/wp-json\/wp\/v2\/media?parent=368"}],"curies":[{"name":"wp","href":"https:\/\/api.w.org\/{rel}","templated":true}]}}