{"id":25,"date":"2021-03-09T14:36:51","date_gmt":"2021-03-09T13:36:51","guid":{"rendered":"http:\/\/neu.ausbildungsstall-holtwiesche.de\/?page_id=25"},"modified":"2023-11-28T12:25:26","modified_gmt":"2023-11-28T11:25:26","slug":"ueber-uns","status":"publish","type":"page","link":"https:\/\/www.ausbildungsstall-holtwiesche.de\/en\/ueber-uns\/","title":{"rendered":"\u00dcber uns"},"content":{"rendered":"\n<div class=\"wp-block-group\"><div class=\"wp-block-group__inner-container is-layout-flow wp-block-group-is-layout-flow\">\n<h2 class=\"wp-block-heading\">\u00dcber uns<\/h2>\n\n\n\n<div class=\"wp-block-columns is-layout-flex wp-container-core-columns-is-layout-1 wp-block-columns-is-layout-flex\">\n<div class=\"wp-block-column is-layout-flow wp-block-column-is-layout-flow\">\n<p>Der Ausbildungsstall Holtwiesche wurde 2007 gegr\u00fcndet. Nach meiner Schlosserlehre absolvierte ich, Stefan Holtwiesche, von 2002\u20132004 eine Bereiterlehre bei Heiner Rohmann in Marl.<\/p>\n\n\n\n<p>Danach war ich von 2004\u20132006 als Bereiter bei der Hengststation Holkenbrink t\u00e4tig, anschlie\u00dfend bis 2007 in der Hengstaufzucht und -ausbildung bei Paul Baune.<\/p>\n\n\n\n<p>Nachfolgend machte ich mich auf einer kleinen Anlage in Marl selbstst\u00e4ndig, bis wir uns im Mai 2009 auf der Anlage der Familie Sandscheper, Boch und Matuszak vergr\u00f6\u00dfern konnten. Wir wechselten mit zehn Pferden von Marl nach Gescher. Seither sind wir stetig mit unseren Aufgaben gewachsen und der Betrieb expandierte in den letzten 14 Jahren nun auf etwa 150 Pferde.<\/p>\n\n\n\n<p>Mein Ausbildungsstall bietet folgende Leistungen professionell und kompetent an: Besamung von Stuten, Abfohlservice und die Aufzucht von Stuten und Hengsten. Au\u00dferdem f\u00fchren wir das Anreiten von Jungpferden und die Vorbereitung auf Stutenleistungspr\u00fcfungen sowie die Vorbereitung zur K\u00f6rung und auf Hengstleistungspr\u00fcfungen durch. Turniervorstellungen, Verkauf\/Vermarktung und Teilnahme an Auktionen komplettieren das Leistungsspektrum.<\/p>\n<\/div>\n\n\n\n<div class=\"wp-block-column is-layout-flow wp-block-column-is-layout-flow\">\n<figure class=\"wp-block-image size-full\"><img loading=\"lazy\" decoding=\"async\" width=\"600\" height=\"400\" src=\"https:\/\/www.ausbildungsstall-holtwiesche.de\/wp-content\/uploads\/2021\/08\/holtwiesche-stefan-01.jpg\" alt=\"Stefan\" class=\"wp-image-772\" srcset=\"https:\/\/www.ausbildungsstall-holtwiesche.de\/wp-content\/uploads\/2021\/08\/holtwiesche-stefan-01.jpg 600w, https:\/\/www.ausbildungsstall-holtwiesche.de\/wp-content\/uploads\/2021\/08\/holtwiesche-stefan-01-300x200.jpg 300w\" sizes=\"auto, (max-width: 600px) 100vw, 600px\" \/><\/figure>\n<\/div>\n<\/div>\n<\/div><\/div>\n\n\n\n<div class=\"wp-block-group alignfull has-light-blue-background-color has-background\"><div class=\"wp-block-group__inner-container is-layout-flow wp-block-group-is-layout-flow\">\n<h2 class=\"wp-block-heading\">Impressionen von unserem Hof<\/h2>\n\n\n\n<figure class=\"wp-block-gallery columns-3 is-cropped wp-block-gallery-1 is-layout-flex wp-block-gallery-is-layout-flex\"><ul class=\"blocks-gallery-grid\"><li class=\"blocks-gallery-item\"><figure><a href=\"https:\/\/www.ausbildungsstall-holtwiesche.de\/wp-content\/uploads\/2021\/08\/holtwiesche-stall-hof-08.jpg\"><img loading=\"lazy\" decoding=\"async\" width=\"1000\" height=\"667\" src=\"https:\/\/www.ausbildungsstall-holtwiesche.de\/wp-content\/uploads\/2021\/08\/holtwiesche-stall-hof-08.jpg\" alt=\"Holtwiesche Stall \/ Hof\" data-id=\"685\" data-link=\"https:\/\/www.ausbildungsstall-holtwiesche.de\/ueber-uns\/holtwiesche-stall-hof-08\/\" class=\"wp-image-685\" srcset=\"https:\/\/www.ausbildungsstall-holtwiesche.de\/wp-content\/uploads\/2021\/08\/holtwiesche-stall-hof-08.jpg 1000w, https:\/\/www.ausbildungsstall-holtwiesche.de\/wp-content\/uploads\/2021\/08\/holtwiesche-stall-hof-08-300x200.jpg 300w, https:\/\/www.ausbildungsstall-holtwiesche.de\/wp-content\/uploads\/2021\/08\/holtwiesche-stall-hof-08-768x512.jpg 768w\" sizes=\"auto, (max-width: 1000px) 100vw, 1000px\" \/><\/a><\/figure><\/li><li class=\"blocks-gallery-item\"><figure><a href=\"https:\/\/www.ausbildungsstall-holtwiesche.de\/wp-content\/uploads\/2021\/08\/holtwiesche-stall-hof-09.jpg\"><img loading=\"lazy\" decoding=\"async\" width=\"1000\" height=\"667\" src=\"https:\/\/www.ausbildungsstall-holtwiesche.de\/wp-content\/uploads\/2021\/08\/holtwiesche-stall-hof-09.jpg\" alt=\"Holtwiesche Stall \/ Hof\" data-id=\"686\" data-link=\"https:\/\/www.ausbildungsstall-holtwiesche.de\/ueber-uns\/holtwiesche-stall-hof-09\/\" class=\"wp-image-686\" srcset=\"https:\/\/www.ausbildungsstall-holtwiesche.de\/wp-content\/uploads\/2021\/08\/holtwiesche-stall-hof-09.jpg 1000w, https:\/\/www.ausbildungsstall-holtwiesche.de\/wp-content\/uploads\/2021\/08\/holtwiesche-stall-hof-09-300x200.jpg 300w, https:\/\/www.ausbildungsstall-holtwiesche.de\/wp-content\/uploads\/2021\/08\/holtwiesche-stall-hof-09-768x512.jpg 768w\" sizes=\"auto, (max-width: 1000px) 100vw, 1000px\" \/><\/a><\/figure><\/li><li class=\"blocks-gallery-item\"><figure><a href=\"https:\/\/www.ausbildungsstall-holtwiesche.de\/wp-content\/uploads\/2021\/08\/holtwiesche-stall-hof-06.jpg\"><img loading=\"lazy\" decoding=\"async\" width=\"667\" height=\"1000\" src=\"https:\/\/www.ausbildungsstall-holtwiesche.de\/wp-content\/uploads\/2021\/08\/holtwiesche-stall-hof-06.jpg\" alt=\"Holtwiesche Stall \/ Hof\" data-id=\"683\" data-link=\"https:\/\/www.ausbildungsstall-holtwiesche.de\/ueber-uns\/holtwiesche-stall-hof-06\/\" class=\"wp-image-683\" srcset=\"https:\/\/www.ausbildungsstall-holtwiesche.de\/wp-content\/uploads\/2021\/08\/holtwiesche-stall-hof-06.jpg 667w, https:\/\/www.ausbildungsstall-holtwiesche.de\/wp-content\/uploads\/2021\/08\/holtwiesche-stall-hof-06-200x300.jpg 200w\" sizes=\"auto, (max-width: 667px) 100vw, 667px\" \/><\/a><\/figure><\/li><li class=\"blocks-gallery-item\"><figure><a href=\"https:\/\/www.ausbildungsstall-holtwiesche.de\/wp-content\/uploads\/2021\/08\/holtwiesche-stall-hof-05.jpg\"><img loading=\"lazy\" decoding=\"async\" width=\"667\" height=\"1000\" src=\"https:\/\/www.ausbildungsstall-holtwiesche.de\/wp-content\/uploads\/2021\/08\/holtwiesche-stall-hof-05.jpg\" alt=\"Holtwiesche Stall \/ Hof\" data-id=\"682\" data-link=\"https:\/\/www.ausbildungsstall-holtwiesche.de\/ueber-uns\/holtwiesche-stall-hof-05\/\" class=\"wp-image-682\" srcset=\"https:\/\/www.ausbildungsstall-holtwiesche.de\/wp-content\/uploads\/2021\/08\/holtwiesche-stall-hof-05.jpg 667w, https:\/\/www.ausbildungsstall-holtwiesche.de\/wp-content\/uploads\/2021\/08\/holtwiesche-stall-hof-05-200x300.jpg 200w\" sizes=\"auto, (max-width: 667px) 100vw, 667px\" \/><\/a><\/figure><\/li><li class=\"blocks-gallery-item\"><figure><a href=\"https:\/\/www.ausbildungsstall-holtwiesche.de\/wp-content\/uploads\/2021\/08\/holtwiesche-stall-hof-04.jpg\"><img loading=\"lazy\" decoding=\"async\" width=\"1000\" height=\"667\" src=\"https:\/\/www.ausbildungsstall-holtwiesche.de\/wp-content\/uploads\/2021\/08\/holtwiesche-stall-hof-04.jpg\" alt=\"Holtwiesche Stall \/ Hof\" data-id=\"681\" data-link=\"https:\/\/www.ausbildungsstall-holtwiesche.de\/ueber-uns\/holtwiesche-stall-hof-04\/\" class=\"wp-image-681\" srcset=\"https:\/\/www.ausbildungsstall-holtwiesche.de\/wp-content\/uploads\/2021\/08\/holtwiesche-stall-hof-04.jpg 1000w, https:\/\/www.ausbildungsstall-holtwiesche.de\/wp-content\/uploads\/2021\/08\/holtwiesche-stall-hof-04-300x200.jpg 300w, https:\/\/www.ausbildungsstall-holtwiesche.de\/wp-content\/uploads\/2021\/08\/holtwiesche-stall-hof-04-768x512.jpg 768w\" sizes=\"auto, (max-width: 1000px) 100vw, 1000px\" \/><\/a><\/figure><\/li><li class=\"blocks-gallery-item\"><figure><a href=\"https:\/\/www.ausbildungsstall-holtwiesche.de\/wp-content\/uploads\/2021\/08\/holtwiesche-stall-hof-03.jpg\"><img loading=\"lazy\" decoding=\"async\" width=\"1000\" height=\"667\" src=\"https:\/\/www.ausbildungsstall-holtwiesche.de\/wp-content\/uploads\/2021\/08\/holtwiesche-stall-hof-03.jpg\" alt=\"Holtwiesche Stall \/ Hof\" data-id=\"680\" data-link=\"https:\/\/www.ausbildungsstall-holtwiesche.de\/ueber-uns\/holtwiesche-stall-hof-03\/\" class=\"wp-image-680\" srcset=\"https:\/\/www.ausbildungsstall-holtwiesche.de\/wp-content\/uploads\/2021\/08\/holtwiesche-stall-hof-03.jpg 1000w, https:\/\/www.ausbildungsstall-holtwiesche.de\/wp-content\/uploads\/2021\/08\/holtwiesche-stall-hof-03-300x200.jpg 300w, https:\/\/www.ausbildungsstall-holtwiesche.de\/wp-content\/uploads\/2021\/08\/holtwiesche-stall-hof-03-768x512.jpg 768w\" sizes=\"auto, (max-width: 1000px) 100vw, 1000px\" \/><\/a><\/figure><\/li><li class=\"blocks-gallery-item\"><figure><a href=\"https:\/\/www.ausbildungsstall-holtwiesche.de\/wp-content\/uploads\/2021\/08\/holtwiesche-stall-hof-02-300x200.jpg\"><img loading=\"lazy\" decoding=\"async\" width=\"300\" height=\"200\" src=\"https:\/\/www.ausbildungsstall-holtwiesche.de\/wp-content\/uploads\/2021\/08\/holtwiesche-stall-hof-02-300x200.jpg\" alt=\"Holtwiesche Stall \/ Hof\" data-id=\"679\" data-link=\"https:\/\/www.ausbildungsstall-holtwiesche.de\/ueber-uns\/holtwiesche-stall-hof-02\/\" class=\"wp-image-679\" srcset=\"https:\/\/www.ausbildungsstall-holtwiesche.de\/wp-content\/uploads\/2021\/08\/holtwiesche-stall-hof-02-300x200.jpg 300w, https:\/\/www.ausbildungsstall-holtwiesche.de\/wp-content\/uploads\/2021\/08\/holtwiesche-stall-hof-02-768x512.jpg 768w, https:\/\/www.ausbildungsstall-holtwiesche.de\/wp-content\/uploads\/2021\/08\/holtwiesche-stall-hof-02.jpg 1000w\" sizes=\"auto, (max-width: 300px) 100vw, 300px\" \/><\/a><\/figure><\/li><li class=\"blocks-gallery-item\"><figure><a href=\"https:\/\/www.ausbildungsstall-holtwiesche.de\/wp-content\/uploads\/2021\/08\/holtwiesche-stall-hof-01-300x200.jpg\"><img loading=\"lazy\" decoding=\"async\" width=\"300\" height=\"200\" src=\"https:\/\/www.ausbildungsstall-holtwiesche.de\/wp-content\/uploads\/2021\/08\/holtwiesche-stall-hof-01-300x200.jpg\" alt=\"Holtwiesche Stall \/ Hof\" data-id=\"678\" data-link=\"https:\/\/www.ausbildungsstall-holtwiesche.de\/ueber-uns\/holtwiesche-stall-hof-01\/\" class=\"wp-image-678\" srcset=\"https:\/\/www.ausbildungsstall-holtwiesche.de\/wp-content\/uploads\/2021\/08\/holtwiesche-stall-hof-01-300x200.jpg 300w, https:\/\/www.ausbildungsstall-holtwiesche.de\/wp-content\/uploads\/2021\/08\/holtwiesche-stall-hof-01-768x512.jpg 768w, https:\/\/www.ausbildungsstall-holtwiesche.de\/wp-content\/uploads\/2021\/08\/holtwiesche-stall-hof-01.jpg 1000w\" sizes=\"auto, (max-width: 300px) 100vw, 300px\" \/><\/a><\/figure><\/li><li class=\"blocks-gallery-item\"><figure><a href=\"https:\/\/www.ausbildungsstall-holtwiesche.de\/wp-content\/uploads\/2021\/08\/holtwiesche-stall-hof-07-300x200.jpg\"><img loading=\"lazy\" decoding=\"async\" width=\"300\" height=\"200\" src=\"https:\/\/www.ausbildungsstall-holtwiesche.de\/wp-content\/uploads\/2021\/08\/holtwiesche-stall-hof-07-300x200.jpg\" alt=\"Holtwiesche Stall \/ Hof\" data-id=\"684\" data-link=\"https:\/\/www.ausbildungsstall-holtwiesche.de\/ueber-uns\/holtwiesche-stall-hof-07\/\" class=\"wp-image-684\" srcset=\"https:\/\/www.ausbildungsstall-holtwiesche.de\/wp-content\/uploads\/2021\/08\/holtwiesche-stall-hof-07-300x200.jpg 300w, https:\/\/www.ausbildungsstall-holtwiesche.de\/wp-content\/uploads\/2021\/08\/holtwiesche-stall-hof-07-768x512.jpg 768w, https:\/\/www.ausbildungsstall-holtwiesche.de\/wp-content\/uploads\/2021\/08\/holtwiesche-stall-hof-07.jpg 1000w\" sizes=\"auto, (max-width: 300px) 100vw, 300px\" \/><\/a><\/figure><\/li><li class=\"blocks-gallery-item\"><figure><a href=\"https:\/\/www.ausbildungsstall-holtwiesche.de\/wp-content\/uploads\/2021\/09\/paddocks01.jpg\"><img loading=\"lazy\" decoding=\"async\" width=\"1024\" height=\"768\" src=\"https:\/\/www.ausbildungsstall-holtwiesche.de\/wp-content\/uploads\/2021\/09\/paddocks01.jpg\" alt=\"\" data-id=\"876\" data-full-url=\"https:\/\/www.ausbildungsstall-holtwiesche.de\/wp-content\/uploads\/2021\/09\/paddocks01.jpg\" data-link=\"https:\/\/www.ausbildungsstall-holtwiesche.de\/ueber-uns\/paddocks01\/\" class=\"wp-image-876\" srcset=\"https:\/\/www.ausbildungsstall-holtwiesche.de\/wp-content\/uploads\/2021\/09\/paddocks01.jpg 1024w, https:\/\/www.ausbildungsstall-holtwiesche.de\/wp-content\/uploads\/2021\/09\/paddocks01-300x225.jpg 300w, https:\/\/www.ausbildungsstall-holtwiesche.de\/wp-content\/uploads\/2021\/09\/paddocks01-768x576.jpg 768w\" sizes=\"auto, (max-width: 1024px) 100vw, 1024px\" \/><\/a><\/figure><\/li><li class=\"blocks-gallery-item\"><figure><a href=\"https:\/\/www.ausbildungsstall-holtwiesche.de\/wp-content\/uploads\/2021\/09\/paddocks02.jpg\"><img loading=\"lazy\" decoding=\"async\" width=\"1024\" height=\"768\" src=\"https:\/\/www.ausbildungsstall-holtwiesche.de\/wp-content\/uploads\/2021\/09\/paddocks02.jpg\" alt=\"\" data-id=\"877\" data-full-url=\"https:\/\/www.ausbildungsstall-holtwiesche.de\/wp-content\/uploads\/2021\/09\/paddocks02.jpg\" data-link=\"https:\/\/www.ausbildungsstall-holtwiesche.de\/ueber-uns\/paddocks02\/\" class=\"wp-image-877\" srcset=\"https:\/\/www.ausbildungsstall-holtwiesche.de\/wp-content\/uploads\/2021\/09\/paddocks02.jpg 1024w, https:\/\/www.ausbildungsstall-holtwiesche.de\/wp-content\/uploads\/2021\/09\/paddocks02-300x225.jpg 300w, https:\/\/www.ausbildungsstall-holtwiesche.de\/wp-content\/uploads\/2021\/09\/paddocks02-768x576.jpg 768w\" sizes=\"auto, (max-width: 1024px) 100vw, 1024px\" \/><\/a><\/figure><\/li><li class=\"blocks-gallery-item\"><figure><a href=\"https:\/\/www.ausbildungsstall-holtwiesche.de\/wp-content\/uploads\/2021\/09\/reithalle.jpg\"><img loading=\"lazy\" decoding=\"async\" width=\"1024\" height=\"768\" src=\"https:\/\/www.ausbildungsstall-holtwiesche.de\/wp-content\/uploads\/2021\/09\/reithalle.jpg\" alt=\"\" data-id=\"878\" data-full-url=\"https:\/\/www.ausbildungsstall-holtwiesche.de\/wp-content\/uploads\/2021\/09\/reithalle.jpg\" data-link=\"https:\/\/www.ausbildungsstall-holtwiesche.de\/ueber-uns\/reithalle\/\" class=\"wp-image-878\" srcset=\"https:\/\/www.ausbildungsstall-holtwiesche.de\/wp-content\/uploads\/2021\/09\/reithalle.jpg 1024w, https:\/\/www.ausbildungsstall-holtwiesche.de\/wp-content\/uploads\/2021\/09\/reithalle-300x225.jpg 300w, https:\/\/www.ausbildungsstall-holtwiesche.de\/wp-content\/uploads\/2021\/09\/reithalle-768x576.jpg 768w\" sizes=\"auto, (max-width: 1024px) 100vw, 1024px\" \/><\/a><\/figure><\/li><\/ul><\/figure>\n<\/div><\/div>\n\n\n\n\n","protected":false},"excerpt":{"rendered":"<p>\u00dcber uns Der Ausbildungsstall Holtwiesche wurde 2007 gegr\u00fcndet. Nach meiner Schlosserlehre absolvierte ich, Stefan Holtwiesche, von 2002\u20132004 eine Bereiterlehre bei Heiner Rohmann in Marl. Danach war ich von 2004\u20132006 als Bereiter bei der Hengststation Holkenbrink t\u00e4tig, anschlie\u00dfend bis 2007 in der Hengstaufzucht und -ausbildung bei Paul Baune. Nachfolgend machte ich mich auf einer kleinen Anlage [&hellip;]<\/p>\n","protected":false},"author":1,"featured_media":687,"parent":0,"menu_order":70,"comment_status":"closed","ping_status":"closed","template":"","meta":{"footnotes":""},"class_list":["post-25","page","type-page","status-publish","has-post-thumbnail","hentry"],"_links":{"self":[{"href":"https:\/\/www.ausbildungsstall-holtwiesche.de\/en\/wp-json\/wp\/v2\/pages\/25","targetHints":{"allow":["GET"]}}],"collection":[{"href":"https:\/\/www.ausbildungsstall-holtwiesche.de\/en\/wp-json\/wp\/v2\/pages"}],"about":[{"href":"https:\/\/www.ausbildungsstall-holtwiesche.de\/en\/wp-json\/wp\/v2\/types\/page"}],"author":[{"embeddable":true,"href":"https:\/\/www.ausbildungsstall-holtwiesche.de\/en\/wp-json\/wp\/v2\/users\/1"}],"replies":[{"embeddable":true,"href":"https:\/\/www.ausbildungsstall-holtwiesche.de\/en\/wp-json\/wp\/v2\/comments?post=25"}],"version-history":[{"count":22,"href":"https:\/\/www.ausbildungsstall-holtwiesche.de\/en\/wp-json\/wp\/v2\/pages\/25\/revisions"}],"predecessor-version":[{"id":1155,"href":"https:\/\/www.ausbildungsstall-holtwiesche.de\/en\/wp-json\/wp\/v2\/pages\/25\/revisions\/1155"}],"wp:featuredmedia":[{"embeddable":true,"href":"https:\/\/www.ausbildungsstall-holtwiesche.de\/en\/wp-json\/wp\/v2\/media\/687"}],"wp:attachment":[{"href":"https:\/\/www.ausbildungsstall-holtwiesche.de\/en\/wp-json\/wp\/v2\/media?parent=25"}],"curies":[{"name":"wp","href":"https:\/\/api.w.org\/{rel}","templated":true}]}}