{"id":21,"date":"2021-03-09T14:36:21","date_gmt":"2021-03-09T13:36:21","guid":{"rendered":"http:\/\/neu.ausbildungsstall-holtwiesche.de\/?page_id=21"},"modified":"2023-12-28T10:19:11","modified_gmt":"2023-12-28T09:19:11","slug":"verkauf","status":"publish","type":"page","link":"https:\/\/www.ausbildungsstall-holtwiesche.de\/en\/verkauf\/","title":{"rendered":"Verkauf"},"content":{"rendered":"\n<div class=\"wp-block-cover alignfull has-light-blue-background-color has-background-dim\"><div class=\"wp-block-cover__inner-container is-layout-flow wp-block-cover-is-layout-flow\">\n<h2 class=\"wp-block-heading\">Verkauf<\/h2>\n\n\n\n<div class=\"wp-block-columns is-layout-flex wp-container-core-columns-is-layout-1 wp-block-columns-is-layout-flex\">\n<div class=\"wp-block-column is-layout-flow wp-block-column-is-layout-flow\">\n<p>Hier stellen wir Ihnen unsere aktuellen Verkaufspferde vor.<br>Nach einer artgerechten Aufzucht und einer professionellen sowie individuellen Ausbildung werden ausgew\u00e4hlte Youngster aus eigener Zucht vermarktet. Doch auch interessante und hochveranlagte Pferde jeden Alters unserer Kunden stehen regelm\u00e4\u00dfig zum Verkauf bereit.<\/p>\n\n\n\n<p>Auf unserer Verkaufsplattform wollen wir mit aussagekr\u00e4ftigen Fotos und einer detaillierten Beschreibung einen ersten Eindruck \u00fcber die angebotenen Pferde vermitteln. Wir freuen uns, Ihnen diese bei Interesse live pr\u00e4sentieren zu d\u00fcrfen. Z\u00f6gern Sie nicht, sich telefonisch oder per E-Mail mit uns in Verbindung zu setzen, um einen Besichtigungstermin zu vereinbaren.<\/p>\n<\/div>\n\n\n\n<div class=\"wp-block-column is-layout-flow wp-block-column-is-layout-flow\">\n<figure class=\"wp-block-image size-large\"><img loading=\"lazy\" decoding=\"async\" width=\"800\" height=\"559\" src=\"https:\/\/www.ausbildungsstall-holtwiesche.de\/wp-content\/uploads\/2021\/03\/2200442_3.jpg\" alt=\"\" class=\"wp-image-439\" srcset=\"https:\/\/www.ausbildungsstall-holtwiesche.de\/wp-content\/uploads\/2021\/03\/2200442_3.jpg 800w, https:\/\/www.ausbildungsstall-holtwiesche.de\/wp-content\/uploads\/2021\/03\/2200442_3-300x210.jpg 300w, https:\/\/www.ausbildungsstall-holtwiesche.de\/wp-content\/uploads\/2021\/03\/2200442_3-768x537.jpg 768w\" sizes=\"auto, (max-width: 800px) 100vw, 800px\" \/><\/figure>\n<\/div>\n<\/div>\n<\/div><\/div>\n\n\n\n","protected":false},"excerpt":{"rendered":"","protected":false},"author":1,"featured_media":986,"parent":0,"menu_order":50,"comment_status":"closed","ping_status":"closed","template":"","meta":{"footnotes":""},"class_list":["post-21","page","type-page","status-publish","has-post-thumbnail","hentry"],"_links":{"self":[{"href":"https:\/\/www.ausbildungsstall-holtwiesche.de\/en\/wp-json\/wp\/v2\/pages\/21","targetHints":{"allow":["GET"]}}],"collection":[{"href":"https:\/\/www.ausbildungsstall-holtwiesche.de\/en\/wp-json\/wp\/v2\/pages"}],"about":[{"href":"https:\/\/www.ausbildungsstall-holtwiesche.de\/en\/wp-json\/wp\/v2\/types\/page"}],"author":[{"embeddable":true,"href":"https:\/\/www.ausbildungsstall-holtwiesche.de\/en\/wp-json\/wp\/v2\/users\/1"}],"replies":[{"embeddable":true,"href":"https:\/\/www.ausbildungsstall-holtwiesche.de\/en\/wp-json\/wp\/v2\/comments?post=21"}],"version-history":[{"count":26,"href":"https:\/\/www.ausbildungsstall-holtwiesche.de\/en\/wp-json\/wp\/v2\/pages\/21\/revisions"}],"predecessor-version":[{"id":1149,"href":"https:\/\/www.ausbildungsstall-holtwiesche.de\/en\/wp-json\/wp\/v2\/pages\/21\/revisions\/1149"}],"wp:featuredmedia":[{"embeddable":true,"href":"https:\/\/www.ausbildungsstall-holtwiesche.de\/en\/wp-json\/wp\/v2\/media\/986"}],"wp:attachment":[{"href":"https:\/\/www.ausbildungsstall-holtwiesche.de\/en\/wp-json\/wp\/v2\/media?parent=21"}],"curies":[{"name":"wp","href":"https:\/\/api.w.org\/{rel}","templated":true}]}}