{"id":180,"date":"2021-03-18T18:25:26","date_gmt":"2021-03-18T17:25:26","guid":{"rendered":"http:\/\/neu.ausbildungsstall-holtwiesche.de\/?page_id=180"},"modified":"2021-08-16T17:25:27","modified_gmt":"2021-08-16T15:25:27","slug":"aktuelles","status":"publish","type":"page","link":"https:\/\/www.ausbildungsstall-holtwiesche.de\/en\/aktuelles\/","title":{"rendered":"Aktuelles"},"content":{"rendered":"<div class=\"aktuelles-wrapper\"><div class=\"aktuelles-post-wrapper\"><a href=\"https:\/\/www.ausbildungsstall-holtwiesche.de\/en\/siegerhengst-dressur-in-westfalen\/\"><div class=\"artikel-thumbnail\" style=\"background-image: url(https:\/\/www.ausbildungsstall-holtwiesche.de\/wp-content\/uploads\/2023\/12\/Total_Mclaren_web-768x577.jpg)\"><\/div><\/a><div class=\"artikel-text\"><span class=\"post-date\">December 2023<\/span><a href=\"https:\/\/www.ausbildungsstall-holtwiesche.de\/en\/siegerhengst-dressur-in-westfalen\/\"><h3>Siegerhengst Dressur in Westfalen<\/h3><\/a>\n<p>Es ist fast wie eine kleine Sensation - das zweite Jahr in Folge konnten wir den westf\u00e4lischen Dressur-Siegerhengst vorbereiten. <\/p>\n\n\n\n<div class=\"wp-block-button\"><a href=\"https:\/\/www.ausbildungsstall-holtwiesche.de\/en\/siegerhengst-dressur-in-westfalen\/\" class=\"more-link button\" title=\"Siegerhengst Dressur in Westfalen\">read more<\/a><\/div><\/div><\/div><div class=\"deckhengste-hr\"><hr><\/div><div class=\"aktuelles-post-wrapper\"><a href=\"https:\/\/www.ausbildungsstall-holtwiesche.de\/en\/koe\/\"><div class=\"artikel-thumbnail\" style=\"background-image: url(https:\/\/www.ausbildungsstall-holtwiesche.de\/wp-content\/uploads\/2023\/11\/IMG_20230730_215529_605-2-768x768.jpg)\"><\/div><\/a><div class=\"artikel-text\"><span class=\"post-date\">July 2023<\/span><a href=\"https:\/\/www.ausbildungsstall-holtwiesche.de\/en\/koe\/\"><h3>Westfalen-Woche 2023<\/h3><\/a>\n<p><strong>Zwei Reservesiegerstuten bei der Eliteschau und Erfolge unter dem Sattel <\/strong><\/p>\n\n\n\n<div class=\"wp-block-button\"><a href=\"https:\/\/www.ausbildungsstall-holtwiesche.de\/en\/koe\/\" class=\"more-link button\" title=\"Westfalen-Woche 2023\">read more<\/a><\/div><\/div><\/div><div class=\"deckhengste-hr\"><hr><\/div><div class=\"aktuelles-post-wrapper\"><a href=\"https:\/\/www.ausbildungsstall-holtwiesche.de\/en\/siegerhengst-dressur-in-westfale\/\"><div class=\"artikel-thumbnail\" style=\"background-image: url(https:\/\/www.ausbildungsstall-holtwiesche.de\/wp-content\/uploads\/2023\/11\/IMG-20230628-WA0003_Foto-_VPower-e1703758540326-768x577.jpg)\"><\/div><\/a><div class=\"artikel-text\"><span class=\"post-date\">December 2022<\/span><a href=\"https:\/\/www.ausbildungsstall-holtwiesche.de\/en\/siegerhengst-dressur-in-westfale\/\"><h3>Siegerhengst Dressur in Westfalen<\/h3><\/a>\n<p><strong>V-Power v. Viva Gold x Fidertanz wurde von uns ausgebildet und ist nun Siegerhengst in Westfalen! <\/strong><\/p>\n\n\n\n<div class=\"wp-block-button\"><a href=\"https:\/\/www.ausbildungsstall-holtwiesche.de\/en\/siegerhengst-dressur-in-westfale\/\" class=\"more-link button\" title=\"Siegerhengst Dressur in Westfalen\">read more<\/a><\/div><\/div><\/div><div class=\"deckhengste-hr\"><hr><\/div><div class=\"aktuelles-post-wrapper\"><a href=\"https:\/\/www.ausbildungsstall-holtwiesche.de\/en\/vorauswahl-muenster-handorf-westfalen\/\"><div class=\"artikel-thumbnail\" style=\"background-image: url(https:\/\/www.ausbildungsstall-holtwiesche.de\/wp-content\/uploads\/2022\/10\/3ed2d962-62ef-457d-919a-4c323b8bc4eb-768x1119.jpg)\"><\/div><\/a><div class=\"artikel-text\"><span class=\"post-date\">October 2022<\/span><a href=\"https:\/\/www.ausbildungsstall-holtwiesche.de\/en\/vorauswahl-muenster-handorf-westfalen\/\"><h3>Vorauswahl M\u00fcnster-Handorf (Westfalen)<\/h3><\/a>\n<p>vom 10.10.2022 - 14.10.2022<\/p>\n\n\n\n<p><strong>Folgende Hengste sind zugelassen zur Westf\u00e4lischen Hauptk\u00f6rung<\/strong> \u2026<\/p>\n\n\n\n<div class=\"wp-block-button\"><a href=\"https:\/\/www.ausbildungsstall-holtwiesche.de\/en\/vorauswahl-muenster-handorf-westfalen\/\" class=\"more-link button\" title=\"Vorauswahl M\u00fcnster-Handorf (Westfalen)\">read more<\/a><\/div><\/div><\/div><div class=\"deckhengste-hr\"><hr><\/div><div class=\"aktuelles-post-wrapper\"><a href=\"https:\/\/www.ausbildungsstall-holtwiesche.de\/en\/vorauswahl-hannover\/\"><div class=\"artikel-thumbnail\" style=\"background-image: url(https:\/\/www.ausbildungsstall-holtwiesche.de\/wp-content\/uploads\/2022\/10\/Logo-Hannover1.jpg)\"><\/div><\/a><div class=\"artikel-text\"><span class=\"post-date\">October 2022<\/span><a href=\"https:\/\/www.ausbildungsstall-holtwiesche.de\/en\/vorauswahl-hannover\/\"><h3>Vorauswahl Hannover 01. Oktober 2022<\/h3><\/a>\n<p>Die erste Vorauswahl der neuen Saison liegt hinter uns und das mit einer Erfolgsquote von 100%! Beide von uns vorgestellten Hengste wurden durch die K\u00f6rkomission zur Hauptk\u00f6rung zugelassen. Wir gratulieren den Z\u00fcchtern und Besitzern des Hengstes von Valverde x Lemony's Nicket und des Hengstes von Da Costa x Quaterhall zu diesem Erfolg!<\/p>\n<div class=\"wp-block-button\"><\/div><\/div><\/div><div class=\"deckhengste-hr\"><hr><\/div><div class=\"aktuelles-post-wrapper\"><a href=\"https:\/\/www.ausbildungsstall-holtwiesche.de\/en\/dsp-hengsttage\/\"><div class=\"artikel-thumbnail\" style=\"background-image: url(https:\/\/www.ausbildungsstall-holtwiesche.de\/wp-content\/uploads\/2022\/03\/dsp-hengsttage-muenchen.jpg)\"><\/div><\/a><div class=\"artikel-text\"><span class=\"post-date\">March 2022<\/span><a href=\"https:\/\/www.ausbildungsstall-holtwiesche.de\/en\/dsp-hengsttage\/\"><h3>DSP Hengsttage<\/h3><\/a>\n<p><em>DSP Hengsttage in M\u00fcnchen 19.01. - 21.01. 2022<\/em><\/p>\n\n\n\n<p>Siegerhengst&nbsp;&nbsp;<\/p>\n\n\n\nHengst von Casino Grande x Havana Club\n\n\n\n<p>Mit einer \u00fcberragenden Leistung wurde der Sohn des Casino Grande x Havana Clubaus der Zucht von Antonius Schulze-Averdiek Siegerhengst 2022.<\/p>\n\n\n\n<div class=\"wp-block-button\"><a href=\"https:\/\/www.ausbildungsstall-holtwiesche.de\/en\/dsp-hengsttage\/\" class=\"more-link button\" title=\"DSP Hengsttage\">read more<\/a><\/div><\/div><\/div><div class=\"deckhengste-hr\"><hr><\/div><div class=\"aktuelles-post-wrapper\"><a href=\"https:\/\/www.ausbildungsstall-holtwiesche.de\/en\/koerung-mecklenburg\/\"><div class=\"artikel-thumbnail\" style=\"background-image: url(https:\/\/www.ausbildungsstall-holtwiesche.de\/wp-content\/uploads\/2021\/12\/redefin.jpg)\"><\/div><\/a><div class=\"artikel-text\"><span class=\"post-date\">December 2021<\/span><a href=\"https:\/\/www.ausbildungsstall-holtwiesche.de\/en\/koerung-mecklenburg\/\"><h3>K\u00f6rung Mecklenburg<\/h3><\/a>\n<p>Auf der K\u00f6rung in Mecklenburg vom 9.12. - 11.12.2021 durften&nbsp;wir 5 Hengste vortellen, wovon vier gek\u00f6rt wurden.&nbsp;<\/p>\n\n\n\n<p>Gek\u00f6rt:<\/p>\n\n\n\n<ul><li>Armison x Balou du Rouet<\/li><li>Karajan x Diarado&nbsp;<\/li><li>De Angelo x Scolari&nbsp;<\/li><li>Levisto x Quidam de Revel<\/li><\/ul>\n<div class=\"wp-block-button\"><\/div><\/div><\/div><div class=\"deckhengste-hr\"><hr><\/div><div class=\"aktuelles-post-wrapper\"><a href=\"https:\/\/www.ausbildungsstall-holtwiesche.de\/en\/vorauswahl-in-neustadt-dosse\/\"><div class=\"artikel-thumbnail\" style=\"background-image: url(https:\/\/www.ausbildungsstall-holtwiesche.de\/wp-content\/uploads\/2021\/12\/PHOTO-2021-12-16-17-18-45-768x512.jpg)\"><\/div><\/a><div class=\"artikel-text\"><span class=\"post-date\">November 2021<\/span><a href=\"https:\/\/www.ausbildungsstall-holtwiesche.de\/en\/vorauswahl-in-neustadt-dosse\/\"><h3>Vorauswahl in Neustadt Dosse<\/h3><\/a>\n<p>hier wurden f\u00fcnf Hengste zugelassen zu den DSP Hengsttagen in M\u00fcnchen im Januar 2022:<\/p>\n\n\n\n<ul><li>Ogano Sitte x Cyrano<\/li><li>Da Costa x Weltano<\/li><li>Taloubet Z x Cornet Obolensky<\/li><li>Sir Donnerhall x De Niro<\/li><li>Eldorado x Cinsey<\/li><\/ul>\n\n\n\n<p><\/p>\n<div class=\"wp-block-button\"><\/div><\/div><\/div><div class=\"deckhengste-hr\"><hr><\/div><div class=\"aktuelles-post-wrapper\"><a href=\"https:\/\/www.ausbildungsstall-holtwiesche.de\/en\/cor\/\"><div class=\"artikel-thumbnail\" style=\"background-image: url(https:\/\/www.ausbildungsstall-holtwiesche.de\/wp-content\/uploads\/2021\/03\/403141_2.jpg)\"><\/div><\/a><div class=\"artikel-text\"><span class=\"post-date\">November 2021<\/span><a href=\"https:\/\/www.ausbildungsstall-holtwiesche.de\/en\/cor\/\"><h3>Vorauswahl in Donzdorf<\/h3><\/a>\n<p>hier wurden sechs Hengste zugelassen zu den DSP Hengsttagen in M\u00fcnchen im Januar 2022:<\/p>\n\n\n\n<ul><li>Maracana x Biasini<\/li><li>Sezuans Donnerhall x Florestan<\/li><li>Florice Prince x Diatano<\/li><li>Arezzo x Indoctro<\/li><li>Chacon Blue x Karlstadt<\/li><li>Uno x Calido<\/li><li>Million Dollar x Tolan R<\/li><\/ul>\n<div class=\"wp-block-button\"><\/div><\/div><\/div><div class=\"deckhengste-hr\"><hr><\/div><div class=\"aktuelles-post-wrapper\"><a href=\"https:\/\/www.ausbildungsstall-holtwiesche.de\/en\/koerung-in-westfalen\/\"><div class=\"artikel-thumbnail\" style=\"background-image: url(https:\/\/www.ausbildungsstall-holtwiesche.de\/wp-content\/uploads\/2021\/12\/PHOTO-2021-12-17-10-11-26-768x512.jpg)\"><\/div><\/a><div class=\"artikel-text\"><span class=\"post-date\">November 2021<\/span><a href=\"https:\/\/www.ausbildungsstall-holtwiesche.de\/en\/koerung-in-westfalen\/\"><h3>K\u00f6rung in Westfalen<\/h3><\/a>\n\n\n<p>21.11. - 24.11.2021: K\u00f6rung in Westfalen<\/p>\n\n\n\n<p>Gek\u00f6rt mit einer \u00fcberragenden Leistung und als Endringhengst wurde der Sohn des For Romance x De Niro. <\/p>\n\n\n\n<p>Das Dressurleistungszentrum Lodbergen ersteigerte den wundersch\u00f6nen Fuchs bei der Auktion f\u00fcr sagenhafte 230.000\u20ac.<br>Wir gratulieren dem Z\u00fcchter Ludger Wigger-Pieper, dem Besitzer Lars Wigger Pieper und danken ihnen f\u00fcr das Vetrauen, uns den Hengst in die Arbeit und Vorbereitung gegeben zu haben und w\u00fcnschen dem neuen Besitzer alles gute und viel Erfolg mit diesem Ausnahmehengst.<\/p>\n\n\n\n<div class=\"wp-block-button\"><a href=\"https:\/\/www.ausbildungsstall-holtwiesche.de\/en\/koerung-in-westfalen\/\" class=\"more-link button\" title=\"K\u00f6rung in Westfalen\">read more<\/a><\/div><\/div><\/div><\/div><div class=\"post-navigation\"><ul class=\"post-pagination__nav\">\n<li class=\"active\"><a href=\"https:\/\/www.ausbildungsstall-holtwiesche.de\/en\/wp-json\/wp\/v2\/pages\/180\/\">1<\/a><\/li>\n<li><a href=\"https:\/\/www.ausbildungsstall-holtwiesche.de\/en\/wp-json\/wp\/v2\/pages\/180\/page\/2\/\">2<\/a><\/li>\n<li><a href=\"https:\/\/www.ausbildungsstall-holtwiesche.de\/en\/wp-json\/wp\/v2\/pages\/180\/page\/3\/\">3<\/a><\/li>\n<li><a href=\"https:\/\/www.ausbildungsstall-holtwiesche.de\/en\/wp-json\/wp\/v2\/pages\/180\/page\/2\/\" >\u00bb<\/a><\/li>\n<\/ul><\/div>\n\n","protected":false},"excerpt":{"rendered":"","protected":false},"author":1,"featured_media":796,"parent":0,"menu_order":21,"comment_status":"closed","ping_status":"closed","template":"","meta":{"footnotes":""},"class_list":["post-180","page","type-page","status-publish","has-post-thumbnail","hentry"],"_links":{"self":[{"href":"https:\/\/www.ausbildungsstall-holtwiesche.de\/en\/wp-json\/wp\/v2\/pages\/180","targetHints":{"allow":["GET"]}}],"collection":[{"href":"https:\/\/www.ausbildungsstall-holtwiesche.de\/en\/wp-json\/wp\/v2\/pages"}],"about":[{"href":"https:\/\/www.ausbildungsstall-holtwiesche.de\/en\/wp-json\/wp\/v2\/types\/page"}],"author":[{"embeddable":true,"href":"https:\/\/www.ausbildungsstall-holtwiesche.de\/en\/wp-json\/wp\/v2\/users\/1"}],"replies":[{"embeddable":true,"href":"https:\/\/www.ausbildungsstall-holtwiesche.de\/en\/wp-json\/wp\/v2\/comments?post=180"}],"version-history":[{"count":10,"href":"https:\/\/www.ausbildungsstall-holtwiesche.de\/en\/wp-json\/wp\/v2\/pages\/180\/revisions"}],"predecessor-version":[{"id":1101,"href":"https:\/\/www.ausbildungsstall-holtwiesche.de\/en\/wp-json\/wp\/v2\/pages\/180\/revisions\/1101"}],"wp:featuredmedia":[{"embeddable":true,"href":"https:\/\/www.ausbildungsstall-holtwiesche.de\/en\/wp-json\/wp\/v2\/media\/796"}],"wp:attachment":[{"href":"https:\/\/www.ausbildungsstall-holtwiesche.de\/en\/wp-json\/wp\/v2\/media?parent=180"}],"curies":[{"name":"wp","href":"https:\/\/api.w.org\/{rel}","templated":true}]}}