{"id":13,"date":"2021-03-09T14:34:10","date_gmt":"2021-03-09T13:34:10","guid":{"rendered":"http:\/\/neu.ausbildungsstall-holtwiesche.de\/?page_id=13"},"modified":"2021-09-03T14:53:02","modified_gmt":"2021-09-03T12:53:02","slug":"leistungen","status":"publish","type":"page","link":"https:\/\/www.ausbildungsstall-holtwiesche.de\/en\/leistungen\/","title":{"rendered":"Leistungen"},"content":{"rendered":"\n<div class=\"wp-block-group\"><div class=\"wp-block-group__inner-container is-layout-flow wp-block-group-is-layout-flow\">\n<h2 class=\"wp-block-heading\">Leistungen<\/h2>\n\n\n\n<div class=\"wp-block-columns is-layout-flex wp-container-core-columns-is-layout-1 wp-block-columns-is-layout-flex\">\n<div class=\"wp-block-column is-layout-flow wp-block-column-is-layout-flow\">\n<p>Wir bieten Ihnen ein umfangreiches Leistungsspektrum. Dank der beruflichen Erfahrung und einer konzentrierten sowie verantwortungsvollen T\u00e4tigkeit bekommen Sie bei uns ein vielf\u00e4ltiges Angebot bei der Aufzucht und Ausbildung Ihrer Pferde.<\/p>\n\n\n\n<p>Wir entdecken Potenzial und f\u00f6rdern das Leistungsverm\u00f6gen ad\u00e4quat, um die Tiere erfolgreich zu machen.<\/p>\n<\/div>\n\n\n\n<div class=\"wp-block-column is-layout-flow wp-block-column-is-layout-flow\">\n<figure class=\"wp-block-image size-large\"><img loading=\"lazy\" decoding=\"async\" width=\"1024\" height=\"683\" src=\"https:\/\/www.ausbildungsstall-holtwiesche.de\/wp-content\/uploads\/2021\/03\/IMG_6728-1024x683-1.jpg\" alt=\"\" class=\"wp-image-338\" srcset=\"https:\/\/www.ausbildungsstall-holtwiesche.de\/wp-content\/uploads\/2021\/03\/IMG_6728-1024x683-1.jpg 1024w, https:\/\/www.ausbildungsstall-holtwiesche.de\/wp-content\/uploads\/2021\/03\/IMG_6728-1024x683-1-300x200.jpg 300w, https:\/\/www.ausbildungsstall-holtwiesche.de\/wp-content\/uploads\/2021\/03\/IMG_6728-1024x683-1-768x512.jpg 768w\" sizes=\"auto, (max-width: 1024px) 100vw, 1024px\" \/><\/figure>\n<\/div>\n<\/div>\n<\/div><\/div>\n\n\n\n<div class=\"wp-block-cover alignfull has-light-blue-background-color has-background-dim\"><div class=\"wp-block-cover__inner-container is-layout-flow wp-block-cover-is-layout-flow\"><div class='leistungen-container'><h2>Unsere Leistungen im \u00dcberblick<\/h2><div class=\"leistung-wrapper\"><a href=\"https:\/\/www.ausbildungsstall-holtwiesche.de\/leistungen\/aufzucht\/\"><div class=\"leistung_image\" style=\"background-image: url(https:\/\/www.ausbildungsstall-holtwiesche.de\/wp-content\/uploads\/2021\/03\/Element-1.png)\"><\/div><p>Aufzucht<\/p><\/a><\/div><div class=\"leistung-wrapper\"><a href=\"https:\/\/www.ausbildungsstall-holtwiesche.de\/leistungen\/koervorbereitung\/\"><div class=\"leistung_image\" style=\"background-image: url(https:\/\/www.ausbildungsstall-holtwiesche.de\/wp-content\/uploads\/2021\/03\/Element-2.png)\"><\/div><p>K\u00f6rvorbereitung<\/p><\/a><\/div><div class=\"leistung-wrapper\"><a href=\"https:\/\/www.ausbildungsstall-holtwiesche.de\/leistungen\/ausbilden-und-vorstellen\/\"><div class=\"leistung_image\" style=\"background-image: url(https:\/\/www.ausbildungsstall-holtwiesche.de\/wp-content\/uploads\/2021\/03\/Element-3.png)\"><\/div><p>Ausbilden und Vorstellen<\/p><\/a><\/div><div class=\"leistung-wrapper\"><a href=\"https:\/\/www.ausbildungsstall-holtwiesche.de\/leistungen\/vermarktung\/\"><div class=\"leistung_image\" style=\"background-image: url(https:\/\/www.ausbildungsstall-holtwiesche.de\/wp-content\/uploads\/2021\/03\/Element-4.png)\"><\/div><p>Vermarktung<\/p><\/a><\/div><\/div>\n<\/div><\/div>\n\n\n\n<div class=\"wp-block-group\"><div class=\"wp-block-group__inner-container is-layout-flow wp-block-group-is-layout-flow\">\n<h2 class=\"wp-block-heading\">Impressionen unserer Zuchtstuten<\/h2>\n\n\n\n<figure class=\"wp-block-gallery columns-3 is-cropped wp-block-gallery-1 is-layout-flex wp-block-gallery-is-layout-flex\"><ul class=\"blocks-gallery-grid\"><li class=\"blocks-gallery-item\"><figure><img loading=\"lazy\" decoding=\"async\" width=\"1000\" height=\"667\" src=\"https:\/\/www.ausbildungsstall-holtwiesche.de\/wp-content\/uploads\/2021\/08\/zuchtstuten-01.jpg\" alt=\"Zuchtstuten\" data-id=\"766\" data-full-url=\"https:\/\/www.ausbildungsstall-holtwiesche.de\/wp-content\/uploads\/2021\/08\/zuchtstuten-01.jpg\" data-link=\"https:\/\/www.ausbildungsstall-holtwiesche.de\/leistungen\/zuchtstuten-01\/\" class=\"wp-image-766\" srcset=\"https:\/\/www.ausbildungsstall-holtwiesche.de\/wp-content\/uploads\/2021\/08\/zuchtstuten-01.jpg 1000w, https:\/\/www.ausbildungsstall-holtwiesche.de\/wp-content\/uploads\/2021\/08\/zuchtstuten-01-300x200.jpg 300w, https:\/\/www.ausbildungsstall-holtwiesche.de\/wp-content\/uploads\/2021\/08\/zuchtstuten-01-768x512.jpg 768w\" sizes=\"auto, (max-width: 1000px) 100vw, 1000px\" \/><\/figure><\/li><li class=\"blocks-gallery-item\"><figure><img loading=\"lazy\" decoding=\"async\" width=\"1000\" height=\"667\" src=\"https:\/\/www.ausbildungsstall-holtwiesche.de\/wp-content\/uploads\/2021\/08\/zuchtstuten-02.jpg\" alt=\"Zuchtstuten\" data-id=\"767\" data-full-url=\"https:\/\/www.ausbildungsstall-holtwiesche.de\/wp-content\/uploads\/2021\/08\/zuchtstuten-02.jpg\" data-link=\"https:\/\/www.ausbildungsstall-holtwiesche.de\/leistungen\/zuchtstuten-02\/\" class=\"wp-image-767\" srcset=\"https:\/\/www.ausbildungsstall-holtwiesche.de\/wp-content\/uploads\/2021\/08\/zuchtstuten-02.jpg 1000w, https:\/\/www.ausbildungsstall-holtwiesche.de\/wp-content\/uploads\/2021\/08\/zuchtstuten-02-300x200.jpg 300w, https:\/\/www.ausbildungsstall-holtwiesche.de\/wp-content\/uploads\/2021\/08\/zuchtstuten-02-768x512.jpg 768w\" sizes=\"auto, (max-width: 1000px) 100vw, 1000px\" \/><\/figure><\/li><li class=\"blocks-gallery-item\"><figure><img loading=\"lazy\" decoding=\"async\" width=\"1000\" height=\"667\" src=\"https:\/\/www.ausbildungsstall-holtwiesche.de\/wp-content\/uploads\/2021\/08\/zuchtstuten-03.jpg\" alt=\"Zuchtstuten\" data-id=\"768\" data-full-url=\"https:\/\/www.ausbildungsstall-holtwiesche.de\/wp-content\/uploads\/2021\/08\/zuchtstuten-03.jpg\" data-link=\"https:\/\/www.ausbildungsstall-holtwiesche.de\/leistungen\/zuchtstuten-03\/\" class=\"wp-image-768\" srcset=\"https:\/\/www.ausbildungsstall-holtwiesche.de\/wp-content\/uploads\/2021\/08\/zuchtstuten-03.jpg 1000w, https:\/\/www.ausbildungsstall-holtwiesche.de\/wp-content\/uploads\/2021\/08\/zuchtstuten-03-300x200.jpg 300w, https:\/\/www.ausbildungsstall-holtwiesche.de\/wp-content\/uploads\/2021\/08\/zuchtstuten-03-768x512.jpg 768w\" sizes=\"auto, (max-width: 1000px) 100vw, 1000px\" \/><\/figure><\/li><li class=\"blocks-gallery-item\"><figure><img loading=\"lazy\" decoding=\"async\" width=\"1000\" height=\"667\" src=\"https:\/\/www.ausbildungsstall-holtwiesche.de\/wp-content\/uploads\/2021\/08\/zuchtstuten-04.jpg\" alt=\"Zuchtstuten\" data-id=\"769\" data-full-url=\"https:\/\/www.ausbildungsstall-holtwiesche.de\/wp-content\/uploads\/2021\/08\/zuchtstuten-04.jpg\" data-link=\"https:\/\/www.ausbildungsstall-holtwiesche.de\/leistungen\/zuchtstuten-04\/\" class=\"wp-image-769\" srcset=\"https:\/\/www.ausbildungsstall-holtwiesche.de\/wp-content\/uploads\/2021\/08\/zuchtstuten-04.jpg 1000w, https:\/\/www.ausbildungsstall-holtwiesche.de\/wp-content\/uploads\/2021\/08\/zuchtstuten-04-300x200.jpg 300w, https:\/\/www.ausbildungsstall-holtwiesche.de\/wp-content\/uploads\/2021\/08\/zuchtstuten-04-768x512.jpg 768w\" sizes=\"auto, (max-width: 1000px) 100vw, 1000px\" \/><\/figure><\/li><li class=\"blocks-gallery-item\"><figure><img loading=\"lazy\" decoding=\"async\" width=\"1000\" height=\"667\" src=\"https:\/\/www.ausbildungsstall-holtwiesche.de\/wp-content\/uploads\/2021\/08\/zuchtstuten-05.jpg\" alt=\"Zuchtstuten\" data-id=\"770\" data-full-url=\"https:\/\/www.ausbildungsstall-holtwiesche.de\/wp-content\/uploads\/2021\/08\/zuchtstuten-05.jpg\" data-link=\"https:\/\/www.ausbildungsstall-holtwiesche.de\/leistungen\/zuchtstuten-05\/\" class=\"wp-image-770\" srcset=\"https:\/\/www.ausbildungsstall-holtwiesche.de\/wp-content\/uploads\/2021\/08\/zuchtstuten-05.jpg 1000w, https:\/\/www.ausbildungsstall-holtwiesche.de\/wp-content\/uploads\/2021\/08\/zuchtstuten-05-300x200.jpg 300w, https:\/\/www.ausbildungsstall-holtwiesche.de\/wp-content\/uploads\/2021\/08\/zuchtstuten-05-768x512.jpg 768w\" sizes=\"auto, (max-width: 1000px) 100vw, 1000px\" \/><\/figure><\/li><\/ul><\/figure>\n<\/div><\/div>\n","protected":false},"excerpt":{"rendered":"<p>Leistungen Wir bieten Ihnen ein umfangreiches Leistungsspektrum. Dank der beruflichen Erfahrung und einer konzentrierten sowie verantwortungsvollen T\u00e4tigkeit bekommen Sie bei uns ein vielf\u00e4ltiges Angebot bei der Aufzucht und Ausbildung Ihrer Pferde. Wir entdecken Potenzial und f\u00f6rdern das Leistungsverm\u00f6gen ad\u00e4quat, um die Tiere erfolgreich zu machen. Impressionen unserer Zuchtstuten<\/p>\n","protected":false},"author":1,"featured_media":793,"parent":0,"menu_order":20,"comment_status":"closed","ping_status":"closed","template":"","meta":{"footnotes":""},"class_list":["post-13","page","type-page","status-publish","has-post-thumbnail","hentry"],"_links":{"self":[{"href":"https:\/\/www.ausbildungsstall-holtwiesche.de\/en\/wp-json\/wp\/v2\/pages\/13","targetHints":{"allow":["GET"]}}],"collection":[{"href":"https:\/\/www.ausbildungsstall-holtwiesche.de\/en\/wp-json\/wp\/v2\/pages"}],"about":[{"href":"https:\/\/www.ausbildungsstall-holtwiesche.de\/en\/wp-json\/wp\/v2\/types\/page"}],"author":[{"embeddable":true,"href":"https:\/\/www.ausbildungsstall-holtwiesche.de\/en\/wp-json\/wp\/v2\/users\/1"}],"replies":[{"embeddable":true,"href":"https:\/\/www.ausbildungsstall-holtwiesche.de\/en\/wp-json\/wp\/v2\/comments?post=13"}],"version-history":[{"count":12,"href":"https:\/\/www.ausbildungsstall-holtwiesche.de\/en\/wp-json\/wp\/v2\/pages\/13\/revisions"}],"predecessor-version":[{"id":884,"href":"https:\/\/www.ausbildungsstall-holtwiesche.de\/en\/wp-json\/wp\/v2\/pages\/13\/revisions\/884"}],"wp:featuredmedia":[{"embeddable":true,"href":"https:\/\/www.ausbildungsstall-holtwiesche.de\/en\/wp-json\/wp\/v2\/media\/793"}],"wp:attachment":[{"href":"https:\/\/www.ausbildungsstall-holtwiesche.de\/en\/wp-json\/wp\/v2\/media?parent=13"}],"curies":[{"name":"wp","href":"https:\/\/api.w.org\/{rel}","templated":true}]}}