{"id":11,"date":"2021-03-09T14:33:56","date_gmt":"2021-03-09T13:33:56","guid":{"rendered":"http:\/\/neu.ausbildungsstall-holtwiesche.de\/?page_id=11"},"modified":"2025-02-18T14:05:18","modified_gmt":"2025-02-18T13:05:18","slug":"startseite","status":"publish","type":"page","link":"https:\/\/www.ausbildungsstall-holtwiesche.de\/en\/","title":{"rendered":"Startseite"},"content":{"rendered":"\n<div class=\"wp-block-columns is-layout-flex wp-container-core-columns-is-layout-1 wp-block-columns-is-layout-flex\">\n<div class=\"wp-block-column is-layout-flow wp-block-column-is-layout-flow\"><div class=\"wp-block-image\">\n<figure class=\"aligncenter size-large\"><img loading=\"lazy\" decoding=\"async\" width=\"1000\" height=\"1000\" src=\"https:\/\/www.ausbildungsstall-holtwiesche.de\/wp-content\/uploads\/2021\/05\/HoltwiescheDSC09289\u00a9Reckimedia.jpg\" alt=\"\" class=\"wp-image-644\" srcset=\"https:\/\/www.ausbildungsstall-holtwiesche.de\/wp-content\/uploads\/2021\/05\/HoltwiescheDSC09289\u00a9Reckimedia.jpg 1000w, https:\/\/www.ausbildungsstall-holtwiesche.de\/wp-content\/uploads\/2021\/05\/HoltwiescheDSC09289\u00a9Reckimedia-300x300.jpg 300w, https:\/\/www.ausbildungsstall-holtwiesche.de\/wp-content\/uploads\/2021\/05\/HoltwiescheDSC09289\u00a9Reckimedia-150x150.jpg 150w, https:\/\/www.ausbildungsstall-holtwiesche.de\/wp-content\/uploads\/2021\/05\/HoltwiescheDSC09289\u00a9Reckimedia-768x768.jpg 768w\" sizes=\"auto, (max-width: 1000px) 100vw, 1000px\" \/><figcaption class=\"wp-element-caption\">Foto: \u00a9 Reckimedia<\/figcaption><\/figure><\/div><\/div>\n\n\n\n<div class=\"wp-block-column is-layout-flow wp-block-column-is-layout-flow\">\n<h1 class=\"wp-block-heading has-blue-color has-text-color\">Ihr erfahrener Partner in Sachen Pferd<\/h1>\n\n\n\n<p><strong>Aufgrund unserer beruflichen Erfahrungen und der langj\u00e4hrigen erfolgreichen Arbeit mit Pferden sind wir, die Hengststation Holtwiesche, in der Lage, Ihnen ein umfangreiches Angebot bei der Aufzucht und Ausbildung Ihrer Pferde zu bieten.<\/strong><\/p>\n\n\n\n<p>Unser Ziel ist es, das Potenzial und die Leistungsf\u00e4higkeit, die in Ihren Youngstern steckt, zu entdecken und zu f\u00f6rdern, um sie erfolgreich zu machen.<\/p>\n\n\n\n<p>Wir freuen uns \u00fcber Ihr Interesse und darauf, Sie und Ihr Pferd kennenzulernen!<\/p>\n<\/div>\n<\/div>\n\n\n\n<div class=\"wp-block-cover alignfull is-light\"><span aria-hidden=\"true\" class=\"wp-block-cover__background has-light-blue-background-color has-background-dim-100 has-background-dim\"><\/span><div class=\"wp-block-cover__inner-container is-layout-flow wp-block-cover-is-layout-flow\"><div class='leistungen-container'><h2>Unsere Leistungen im \u00dcberblick<\/h2><div class=\"leistung-wrapper\"><a href=\"https:\/\/www.ausbildungsstall-holtwiesche.de\/leistungen\/aufzucht\/\"><div class=\"leistung_image\" style=\"background-image: url(https:\/\/www.ausbildungsstall-holtwiesche.de\/wp-content\/uploads\/2021\/03\/Element-1.png)\"><\/div><p>Aufzucht<\/p><\/a><\/div><div class=\"leistung-wrapper\"><a href=\"https:\/\/www.ausbildungsstall-holtwiesche.de\/leistungen\/koervorbereitung\/\"><div class=\"leistung_image\" style=\"background-image: url(https:\/\/www.ausbildungsstall-holtwiesche.de\/wp-content\/uploads\/2021\/03\/Element-2.png)\"><\/div><p>K\u00f6rvorbereitung<\/p><\/a><\/div><div class=\"leistung-wrapper\"><a href=\"https:\/\/www.ausbildungsstall-holtwiesche.de\/leistungen\/ausbilden-und-vorstellen\/\"><div class=\"leistung_image\" style=\"background-image: url(https:\/\/www.ausbildungsstall-holtwiesche.de\/wp-content\/uploads\/2021\/03\/Element-3.png)\"><\/div><p>Ausbilden und Vorstellen<\/p><\/a><\/div><div class=\"leistung-wrapper\"><a href=\"https:\/\/www.ausbildungsstall-holtwiesche.de\/leistungen\/vermarktung\/\"><div class=\"leistung_image\" style=\"background-image: url(https:\/\/www.ausbildungsstall-holtwiesche.de\/wp-content\/uploads\/2021\/03\/Element-4.png)\"><\/div><p>Vermarktung<\/p><\/a><\/div><\/div>\n<\/div><\/div>\n\n\n<div class=\"aktuelles\"><div class=\"slider-text-box\"><h2>Holtwiesche aktuell<\/h2><a href=\"\/aktuelles\">alle Beitr\u00e4ge anzeigen ...<\/a><\/div><div class=\"aktuelles-slider\"><div class=\"aktuelles-slide\"><a href=\"https:\/\/www.ausbildungsstall-holtwiesche.de\/en\/siegerhengst-dressur-in-westfalen\/\"><div class=\"aktuelles-slider-thumb\" style=\"background-image: url(https:\/\/www.ausbildungsstall-holtwiesche.de\/wp-content\/uploads\/2023\/12\/Total_Mclaren_web-768x577.jpg)\"><\/div><\/a><div class=\"aktuelles-slider-text\"><span class=\"post-date\">December 2023<\/span><h3>Siegerhengst Dressur in Westfalen<\/h3><div class=\"aktuelles-slider-content\">\n<p>Es ist fast wie eine kleine Sensation - das zweite Jahr in Folge konnten wir den westf\u00e4lischen Dressur-Siegerhengst vorbereiten. <\/p>\n\n\n\n<\/div><div class=\"wp-block-button\"><a href=\"https:\/\/www.ausbildungsstall-holtwiesche.de\/en\/siegerhengst-dressur-in-westfalen\/\" class=\"more-link button\" title=\"Siegerhengst Dressur in Westfalen\">read more<\/a><\/div><\/div><\/div><div class=\"aktuelles-slide\"><a href=\"https:\/\/www.ausbildungsstall-holtwiesche.de\/en\/koe\/\"><div class=\"aktuelles-slider-thumb\" style=\"background-image: url(https:\/\/www.ausbildungsstall-holtwiesche.de\/wp-content\/uploads\/2023\/11\/IMG_20230730_215529_605-2-768x768.jpg)\"><\/div><\/a><div class=\"aktuelles-slider-text\"><span class=\"post-date\">July 2023<\/span><h3>Westfalen-Woche 2023<\/h3><div class=\"aktuelles-slider-content\">\n<p><strong>Zwei Reservesiegerstuten bei der Eliteschau und Erfolge unter dem Sattel <\/strong><\/p>\n\n\n\n<\/div><div class=\"wp-block-button\"><a href=\"https:\/\/www.ausbildungsstall-holtwiesche.de\/en\/koe\/\" class=\"more-link button\" title=\"Westfalen-Woche 2023\">read more<\/a><\/div><\/div><\/div><div class=\"aktuelles-slide\"><a href=\"https:\/\/www.ausbildungsstall-holtwiesche.de\/en\/siegerhengst-dressur-in-westfale\/\"><div class=\"aktuelles-slider-thumb\" style=\"background-image: url(https:\/\/www.ausbildungsstall-holtwiesche.de\/wp-content\/uploads\/2023\/11\/IMG-20230628-WA0003_Foto-_VPower-e1703758540326-768x577.jpg)\"><\/div><\/a><div class=\"aktuelles-slider-text\"><span class=\"post-date\">December 2022<\/span><h3>Siegerhengst Dressur in Westfalen<\/h3><div class=\"aktuelles-slider-content\">\n<p><strong>V-Power v. Viva Gold x Fidertanz wurde von uns ausgebildet und ist nun Siegerhengst in Westfalen! <\/strong><\/p>\n\n\n\n<\/div><div class=\"wp-block-button\"><a href=\"https:\/\/www.ausbildungsstall-holtwiesche.de\/en\/siegerhengst-dressur-in-westfale\/\" class=\"more-link button\" title=\"Siegerhengst Dressur in Westfalen\">read more<\/a><\/div><\/div><\/div><div class=\"aktuelles-slide\"><a href=\"https:\/\/www.ausbildungsstall-holtwiesche.de\/en\/vorauswahl-muenster-handorf-westfalen\/\"><div class=\"aktuelles-slider-thumb\" style=\"background-image: url(https:\/\/www.ausbildungsstall-holtwiesche.de\/wp-content\/uploads\/2022\/10\/3ed2d962-62ef-457d-919a-4c323b8bc4eb-768x1119.jpg)\"><\/div><\/a><div class=\"aktuelles-slider-text\"><span class=\"post-date\">October 2022<\/span><h3>Vorauswahl M\u00fcnster-Handorf (Westfalen)<\/h3><div class=\"aktuelles-slider-content\">\n<p>vom 10.10.2022 - 14.10.2022<\/p>\n\n\n\n<p><strong>Folgende Hengste sind zugelassen zur Westf\u00e4lischen Hauptk\u00f6rung<\/strong> \u2026<\/p>\n\n\n\n<\/div><div class=\"wp-block-button\"><a href=\"https:\/\/www.ausbildungsstall-holtwiesche.de\/en\/vorauswahl-muenster-handorf-westfalen\/\" class=\"more-link button\" title=\"Vorauswahl M\u00fcnster-Handorf (Westfalen)\">read more<\/a><\/div><\/div><\/div><div class=\"aktuelles-slide\"><a href=\"https:\/\/www.ausbildungsstall-holtwiesche.de\/en\/vorauswahl-hannover\/\"><div class=\"aktuelles-slider-thumb\" style=\"background-image: url(https:\/\/www.ausbildungsstall-holtwiesche.de\/wp-content\/uploads\/2022\/10\/Logo-Hannover1.jpg)\"><\/div><\/a><div class=\"aktuelles-slider-text\"><span class=\"post-date\">October 2022<\/span><h3>Vorauswahl Hannover 01. Oktober 2022<\/h3><div class=\"aktuelles-slider-content\">\n<p>Die erste Vorauswahl der neuen Saison liegt hinter uns und das mit einer Erfolgsquote von 100%! Beide von uns vorgestellten Hengste wurden durch die K\u00f6rkomission zur Hauptk\u00f6rung zugelassen. Wir gratulieren den Z\u00fcchtern und Besitzern des Hengstes von Valverde x Lemony's Nicket und des Hengstes von Da Costa x Quaterhall zu diesem Erfolg!<\/p>\n<\/div><div class=\"wp-block-button\"><\/div><\/div><\/div><div class=\"aktuelles-slide\"><a href=\"https:\/\/www.ausbildungsstall-holtwiesche.de\/en\/dsp-hengsttage\/\"><div class=\"aktuelles-slider-thumb\" style=\"background-image: url(https:\/\/www.ausbildungsstall-holtwiesche.de\/wp-content\/uploads\/2022\/03\/dsp-hengsttage-muenchen.jpg)\"><\/div><\/a><div class=\"aktuelles-slider-text\"><span class=\"post-date\">March 2022<\/span><h3>DSP Hengsttage<\/h3><div class=\"aktuelles-slider-content\">\n<p><em>DSP Hengsttage in M\u00fcnchen 19.01. - 21.01. 2022<\/em><\/p>\n\n\n\n<p>Siegerhengst&nbsp;&nbsp;<\/p>\n\n\n\nHengst von Casino Grande x Havana Club\n\n\n\n<p>Mit einer \u00fcberragenden Leistung wurde der Sohn des Casino Grande x Havana Clubaus der Zucht von Antonius Schulze-Averdiek Siegerhengst 2022.<\/p>\n\n\n\n<\/div><div class=\"wp-block-button\"><a href=\"https:\/\/www.ausbildungsstall-holtwiesche.de\/en\/dsp-hengsttage\/\" class=\"more-link button\" title=\"DSP Hengsttage\">read more<\/a><\/div><\/div><\/div><div class=\"aktuelles-slide\"><a href=\"https:\/\/www.ausbildungsstall-holtwiesche.de\/en\/koerung-mecklenburg\/\"><div class=\"aktuelles-slider-thumb\" style=\"background-image: url(https:\/\/www.ausbildungsstall-holtwiesche.de\/wp-content\/uploads\/2021\/12\/redefin.jpg)\"><\/div><\/a><div class=\"aktuelles-slider-text\"><span class=\"post-date\">December 2021<\/span><h3>K\u00f6rung Mecklenburg<\/h3><div class=\"aktuelles-slider-content\">\n<p>Auf der K\u00f6rung in Mecklenburg vom 9.12. - 11.12.2021 durften&nbsp;wir 5 Hengste vortellen, wovon vier gek\u00f6rt wurden.&nbsp;<\/p>\n\n\n\n<p>Gek\u00f6rt:<\/p>\n\n\n\n<ul><li>Armison x Balou du Rouet<\/li><li>Karajan x Diarado&nbsp;<\/li><li>De Angelo x Scolari&nbsp;<\/li><li>Levisto x Quidam de Revel<\/li><\/ul>\n<\/div><div class=\"wp-block-button\"><\/div><\/div><\/div><div class=\"aktuelles-slide\"><a href=\"https:\/\/www.ausbildungsstall-holtwiesche.de\/en\/vorauswahl-in-neustadt-dosse\/\"><div class=\"aktuelles-slider-thumb\" style=\"background-image: url(https:\/\/www.ausbildungsstall-holtwiesche.de\/wp-content\/uploads\/2021\/12\/PHOTO-2021-12-16-17-18-45-768x512.jpg)\"><\/div><\/a><div class=\"aktuelles-slider-text\"><span class=\"post-date\">November 2021<\/span><h3>Vorauswahl in Neustadt Dosse<\/h3><div class=\"aktuelles-slider-content\">\n<p>hier wurden f\u00fcnf Hengste zugelassen zu den DSP Hengsttagen in M\u00fcnchen im Januar 2022:<\/p>\n\n\n\n<ul><li>Ogano Sitte x Cyrano<\/li><li>Da Costa x Weltano<\/li><li>Taloubet Z x Cornet Obolensky<\/li><li>Sir Donnerhall x De Niro<\/li><li>Eldorado x Cinsey<\/li><\/ul>\n\n\n\n<p><\/p>\n<\/div><div class=\"wp-block-button\"><\/div><\/div><\/div><div class=\"aktuelles-slide\"><a href=\"https:\/\/www.ausbildungsstall-holtwiesche.de\/en\/cor\/\"><div class=\"aktuelles-slider-thumb\" style=\"background-image: url(https:\/\/www.ausbildungsstall-holtwiesche.de\/wp-content\/uploads\/2021\/03\/403141_2.jpg)\"><\/div><\/a><div class=\"aktuelles-slider-text\"><span class=\"post-date\">November 2021<\/span><h3>Vorauswahl in Donzdorf<\/h3><div class=\"aktuelles-slider-content\">\n<p>hier wurden sechs Hengste zugelassen zu den DSP Hengsttagen in M\u00fcnchen im Januar 2022:<\/p>\n\n\n\n<ul><li>Maracana x Biasini<\/li><li>Sezuans Donnerhall x Florestan<\/li><li>Florice Prince x Diatano<\/li><li>Arezzo x Indoctro<\/li><li>Chacon Blue x Karlstadt<\/li><li>Uno x Calido<\/li><li>Million Dollar x Tolan R<\/li><\/ul>\n<\/div><div class=\"wp-block-button\"><\/div><\/div><\/div><div class=\"aktuelles-slide\"><a href=\"https:\/\/www.ausbildungsstall-holtwiesche.de\/en\/koerung-in-westfalen\/\"><div class=\"aktuelles-slider-thumb\" style=\"background-image: url(https:\/\/www.ausbildungsstall-holtwiesche.de\/wp-content\/uploads\/2021\/12\/PHOTO-2021-12-17-10-11-26-768x512.jpg)\"><\/div><\/a><div class=\"aktuelles-slider-text\"><span class=\"post-date\">November 2021<\/span><h3>K\u00f6rung in Westfalen<\/h3><div class=\"aktuelles-slider-content\">\n\n\n<p>21.11. - 24.11.2021: K\u00f6rung in Westfalen<\/p>\n\n\n\n<p>Gek\u00f6rt mit einer \u00fcberragenden Leistung und als Endringhengst wurde der Sohn des For Romance x De Niro. <\/p>\n\n\n\n<p>Das Dressurleistungszentrum Lodbergen ersteigerte den wundersch\u00f6nen Fuchs bei der Auktion f\u00fcr sagenhafte 230.000\u20ac.<br>Wir gratulieren dem Z\u00fcchter Ludger Wigger-Pieper, dem Besitzer Lars Wigger Pieper und danken ihnen f\u00fcr das Vetrauen, uns den Hengst in die Arbeit und Vorbereitung gegeben zu haben und w\u00fcnschen dem neuen Besitzer alles gute und viel Erfolg mit diesem Ausnahmehengst.<\/p>\n\n\n\n<\/div><div class=\"wp-block-button\"><a href=\"https:\/\/www.ausbildungsstall-holtwiesche.de\/en\/koerung-in-westfalen\/\" class=\"more-link button\" title=\"K\u00f6rung in Westfalen\">read more<\/a><\/div><\/div><\/div><\/div><\/div>\n\n\n<div class=\"wp-block-cover alignfull is-light is-style-wide-column-right\"><span aria-hidden=\"true\" class=\"wp-block-cover__background has-light-blue-background-color has-background-dim-100 has-background-dim\"><\/span><div class=\"wp-block-cover__inner-container is-layout-flow wp-block-cover-is-layout-flow\">\n<div class=\"wp-block-columns is-layout-flex wp-container-core-columns-is-layout-2 wp-block-columns-is-layout-flex\">\n<div class=\"wp-block-column is-layout-flow wp-block-column-is-layout-flow\"><div class=\"deckhengste_detailes_container\"><h1>Wir stellen vor: Tesla<\/h1><div class=\"deckhengste-m\"><span>KWPN<\/span>  . <span>Dunkelfuchs<\/span>  . <span>2015<\/span>  . <span>164 cm<\/span><\/div><div class=\"denkhengste-m-text\"><div class=\"text-left\"><p>Decktaxe:<\/p><p>Zugelassen f\u00fcr:<\/p><p>Z\u00fcchter:<\/p><p>Besitzer:<\/p><\/div><div class=\"text-right\"><p>900,- \u20ac<\/p><p>Westfalen, Rheinland und Oldenburg<\/p><p>G. W. ten Pas, PA Winterswijk\/NED<\/p> <p>BG Helen Langehanenberg u. Wilhelm Berning, Billerbeck<\/p><\/div><\/div><div class=\"deckhengste-m-links\"><a class=\"detailes-link\" href=\"https:\/\/www.ausbildungsstall-holtwiesche.de\/en\/?post_type=stallions&p=265\">more ...<\/a><a class=\"deckhengste-link-all\" href=\"https:\/\/www.ausbildungsstall-holtwiesche.de\/en\/?page_id=19\">all Stallions ...<\/a><\/div><\/div>\n<\/div>\n\n\n\n<div class=\"wp-block-column is-layout-flow wp-block-column-is-layout-flow\">\n<figure class=\"wp-block-embed is-type-video is-provider-youtube wp-block-embed-youtube wp-embed-aspect-16-9 wp-has-aspect-ratio\"><div class=\"wp-block-embed__wrapper\">\n<iframe loading=\"lazy\" title=\"Tesla 2019\" width=\"640\" height=\"360\" src=\"https:\/\/www.youtube-nocookie.com\/embed\/8DgIOsi1I18?feature=oembed&#038;showinfo=0&#038;rel=0\" frameborder=\"0\" allow=\"accelerometer; autoplay; clipboard-write; encrypted-media; gyroscope; picture-in-picture; web-share\" referrerpolicy=\"strict-origin-when-cross-origin\" allowfullscreen><\/iframe>\n<\/div><\/figure>\n<\/div>\n<\/div>\n<\/div><\/div>\n\n\n<div class=\"wp-block-group is-style-three-columns\"><div class=\"wp-block-group__inner-container is-layout-flow wp-block-group-is-layout-flow\">\n<h1 class=\"wp-block-heading\">Weitere Themen im \u00dcberblick<\/h1>\n\n\n\n<div class=\"wp-block-columns is-layout-flex wp-container-core-columns-is-layout-3 wp-block-columns-is-layout-flex\">\n<div class=\"wp-block-column is-layout-flow wp-block-column-is-layout-flow\">\n<figure class=\"wp-block-image size-large is-resized\"><img loading=\"lazy\" decoding=\"async\" width=\"1024\" height=\"699\" src=\"https:\/\/www.ausbildungsstall-holtwiesche.de\/wp-content\/uploads\/2021\/03\/WhatsApp-Image-2018-08-09-at-08.41.291-1024x699.jpeg\" alt=\"\" class=\"wp-image-348\" style=\"width:391px;height:266px\" srcset=\"https:\/\/www.ausbildungsstall-holtwiesche.de\/wp-content\/uploads\/2021\/03\/WhatsApp-Image-2018-08-09-at-08.41.291-1024x699.jpeg 1024w, https:\/\/www.ausbildungsstall-holtwiesche.de\/wp-content\/uploads\/2021\/03\/WhatsApp-Image-2018-08-09-at-08.41.291-300x205.jpeg 300w, https:\/\/www.ausbildungsstall-holtwiesche.de\/wp-content\/uploads\/2021\/03\/WhatsApp-Image-2018-08-09-at-08.41.291-768x524.jpeg 768w, https:\/\/www.ausbildungsstall-holtwiesche.de\/wp-content\/uploads\/2021\/03\/WhatsApp-Image-2018-08-09-at-08.41.291.jpeg 1280w\" sizes=\"auto, (max-width: 1024px) 100vw, 1024px\" \/><\/figure>\n\n\n\n<h2 class=\"wp-block-heading\">Verkauf<\/h2>\n\n\n\n<p>Nach einer artgerechten Aufzucht und einer professionellen Ausbildung f\u00fchren wir die Vermarktung einiger unserer Z\u00f6glinge sowie hochveranlagter Pferde jeden Alters von Freunden und Bekannten durch. Hier wollen wir Ihnen einen ersten \u00dcberblick \u00fcber die angebotenen Pferde vermitteln.<\/p>\n\n\n\n<p><a href=\"https:\/\/www.ausbildungsstall-holtwiesche.de\/verkauf\/\">zu den verkaufspferden<\/a><\/p>\n<\/div>\n\n\n\n<div class=\"wp-block-column is-layout-flow wp-block-column-is-layout-flow\">\n<figure class=\"wp-block-image size-large is-resized\"><img loading=\"lazy\" decoding=\"async\" width=\"1024\" height=\"724\" src=\"https:\/\/www.ausbildungsstall-holtwiesche.de\/wp-content\/uploads\/2021\/03\/dialido-1024x724.jpg\" alt=\"\" class=\"wp-image-391\" style=\"width:378px;height:266px\" srcset=\"https:\/\/www.ausbildungsstall-holtwiesche.de\/wp-content\/uploads\/2021\/03\/dialido-1024x724.jpg 1024w, https:\/\/www.ausbildungsstall-holtwiesche.de\/wp-content\/uploads\/2021\/03\/dialido-300x212.jpg 300w, https:\/\/www.ausbildungsstall-holtwiesche.de\/wp-content\/uploads\/2021\/03\/dialido-768x543.jpg 768w, https:\/\/www.ausbildungsstall-holtwiesche.de\/wp-content\/uploads\/2021\/03\/dialido-1536x1086.jpg 1536w, https:\/\/www.ausbildungsstall-holtwiesche.de\/wp-content\/uploads\/2021\/03\/dialido.jpg 2000w\" sizes=\"auto, (max-width: 1024px) 100vw, 1024px\" \/><\/figure>\n\n\n\n<h2 class=\"wp-block-heading\">Erfolge<\/h2>\n\n\n\n<p>Unsere Kunden wollen ein f\u00fcr Ihren Zweck gut ausgebildetes Pferd von uns zur\u00fcckbekommen. Wenn am Ende au\u00dferdem eine gute Pr\u00fcfung, eine staatliche Pr\u00e4mie oder ein positives K\u00f6rurteil stehen, freuen wir uns alle! Auf die folgenden Erfolge sind wir ganz besonders stolz.<\/p>\n\n\n\n<p><a href=\"https:\/\/www.ausbildungsstall-holtwiesche.de\/erfolge\/\">zu den Erfolgen<\/a><\/p>\n<\/div>\n\n\n\n<div class=\"wp-block-column is-layout-flow wp-block-column-is-layout-flow\">\n<figure class=\"wp-block-image size-large\"><img loading=\"lazy\" decoding=\"async\" width=\"1000\" height=\"662\" src=\"https:\/\/www.ausbildungsstall-holtwiesche.de\/wp-content\/uploads\/2021\/03\/DSC_0825e.jpg\" alt=\"\" class=\"wp-image-499\" srcset=\"https:\/\/www.ausbildungsstall-holtwiesche.de\/wp-content\/uploads\/2021\/03\/DSC_0825e.jpg 1000w, https:\/\/www.ausbildungsstall-holtwiesche.de\/wp-content\/uploads\/2021\/03\/DSC_0825e-300x199.jpg 300w, https:\/\/www.ausbildungsstall-holtwiesche.de\/wp-content\/uploads\/2021\/03\/DSC_0825e-768x508.jpg 768w\" sizes=\"auto, (max-width: 1000px) 100vw, 1000px\" \/><\/figure>\n\n\n\n<h2 class=\"wp-block-heading\">\u00dcber uns<\/h2>\n\n\n\n<p>Wir von Holtwiesche sind ein junges, engagiertes und gewissenhaftes Team. Konzentriertes und verantwortungsvolles Arbeiten sind f\u00fcr uns von h\u00f6chster Priorit\u00e4t. Wir bereiten die Tiere gemeinsam auf eine Sportkarriere vor.<\/p>\n\n\n\n<p><a href=\"https:\/\/www.ausbildungsstall-holtwiesche.de\/ueber-uns\/\" data-type=\"page\" data-id=\"25\">lernen Sie unsere Anlage und unser Team kennen &#8230;<\/a><\/p>\n<\/div>\n<\/div>\n<\/div><\/div>\n","protected":false},"excerpt":{"rendered":"<p>Ihr erfahrener Partner in Sachen Pferd Aufgrund unserer beruflichen Erfahrungen und der langj\u00e4hrigen erfolgreichen Arbeit mit Pferden sind wir, die Hengststation Holtwiesche, in der Lage, Ihnen ein umfangreiches Angebot bei der Aufzucht und Ausbildung Ihrer Pferde zu bieten. Unser Ziel ist es, das Potenzial und die Leistungsf\u00e4higkeit, die in Ihren Youngstern steckt, zu entdecken und [&hellip;]<\/p>\n","protected":false},"author":1,"featured_media":0,"parent":0,"menu_order":10,"comment_status":"closed","ping_status":"closed","template":"","meta":{"footnotes":""},"class_list":["post-11","page","type-page","status-publish","hentry"],"_links":{"self":[{"href":"https:\/\/www.ausbildungsstall-holtwiesche.de\/en\/wp-json\/wp\/v2\/pages\/11","targetHints":{"allow":["GET"]}}],"collection":[{"href":"https:\/\/www.ausbildungsstall-holtwiesche.de\/en\/wp-json\/wp\/v2\/pages"}],"about":[{"href":"https:\/\/www.ausbildungsstall-holtwiesche.de\/en\/wp-json\/wp\/v2\/types\/page"}],"author":[{"embeddable":true,"href":"https:\/\/www.ausbildungsstall-holtwiesche.de\/en\/wp-json\/wp\/v2\/users\/1"}],"replies":[{"embeddable":true,"href":"https:\/\/www.ausbildungsstall-holtwiesche.de\/en\/wp-json\/wp\/v2\/comments?post=11"}],"version-history":[{"count":130,"href":"https:\/\/www.ausbildungsstall-holtwiesche.de\/en\/wp-json\/wp\/v2\/pages\/11\/revisions"}],"predecessor-version":[{"id":1189,"href":"https:\/\/www.ausbildungsstall-holtwiesche.de\/en\/wp-json\/wp\/v2\/pages\/11\/revisions\/1189"}],"wp:attachment":[{"href":"https:\/\/www.ausbildungsstall-holtwiesche.de\/en\/wp-json\/wp\/v2\/media?parent=11"}],"curies":[{"name":"wp","href":"https:\/\/api.w.org\/{rel}","templated":true}]}}